{"id":1063,"date":"2024-12-23T10:59:51","date_gmt":"2024-12-23T10:59:51","guid":{"rendered":"https:\/\/danool.com\/?post_type=product&#038;p=1063"},"modified":"2025-12-26T05:38:04","modified_gmt":"2025-12-26T05:38:04","slug":"gac-taiwan","status":"publish","type":"product","link":"https:\/\/danool.com\/fr\/produit\/gac-taiwan\/","title":{"rendered":"La cartouche de deuxi\u00e8me phase \u00e0 granules de charbon de Danool \u2013 Fabriqu\u00e9e \u00e0 Ta\u00efwan"},"content":{"rendered":"<div class=\"flex max-w-full flex-col flex-grow\">\n<div class=\"min-h-8 text-message flex w-full flex-col items-end gap-2 whitespace-normal break-words text-start [.text-message+&amp;]:mt-5\" dir=\"auto\" data-message-author-role=\"assistant\" data-message-id=\"3074677e-7da8-4011-96a4-5cd3e4ccb950\" data-message-model-slug=\"gpt-4o-mini\">\n<div class=\"flex w-full flex-col gap-1 empty:hidden first:pt-[3px]\">\n<div class=\"markdown prose w-full break-words dark:prose-invert light\">\n<p><strong>Cartouche de la deuxi\u00e8me \u00e9tape : Granul\u00e9s de carbone de Danool<\/strong><\/p>\n<p><strong>Introduction<\/strong><\/p>\n<p>La cartouche de la deuxi\u00e8me \u00e9tape des filtres \u00e0 eau est un \u00e9l\u00e9ment essentiel pour am\u00e9liorer la qualit\u00e9 de l'eau domestique. Cette cartouche est utilis\u00e9e apr\u00e8s la premi\u00e8re \u00e9tape de filtration, car elle agit pour filtrer l'eau de mani\u00e8re plus d\u00e9taill\u00e9e en \u00e9liminant les contaminants chimiques, les compos\u00e9s organiques et les odeurs ind\u00e9sirables. La cartouche de granul\u00e9s de carbone est <strong>Danool<\/strong>, fabriqu\u00e9e en <strong>Ta\u00efwan<\/strong>Elle offre une performance exceptionnelle \u00e0 cette \u00e9tape, contribuant \u00e0 une eau propre, claire et adapt\u00e9e \u00e0 la consommation humaine. Cette cartouche combine une technologie avanc\u00e9e et une qualit\u00e9 de fabrication, ce qui en fait le choix id\u00e9al pour de nombreux utilisateurs de filtres \u00e0 eau domestiques.<\/p>\n<p><strong>Caract\u00e9ristiques de la cartouche de la deuxi\u00e8me \u00e9tape : Granul\u00e9s de carbone de Danol<\/strong><\/p>\n<ol>\n<li><strong>Composition principale : Granul\u00e9s de carbone<\/strong><br \/>\nLa cartouche de deuxi\u00e8me \u00e9tape repose sur <strong>Granules de charbon actif<\/strong> Qui est l'une des mati\u00e8res les plus efficaces pour la filtration de l'eau. Ces granul\u00e9s se distinguent par leur grande capacit\u00e9 \u00e0 absorber les contaminants chimiques et organiques tels que le chlore, les pesticides, les substances toxiques et les compos\u00e9s ind\u00e9sirables.<\/p>\n<ul>\n<li><strong>Am\u00e9lioration du go\u00fbt et de l'odeur de l'eau<\/strong>Les granul\u00e9s de carbone am\u00e9liorent le go\u00fbt de l'eau et r\u00e9duisent les odeurs \u00e9tranges ou ind\u00e9sirables, rendant l'eau plus pure et adapt\u00e9e \u00e0 la consommation.<\/li>\n<\/ul>\n<\/li>\n<li><strong>La capacit\u00e9 \u00e0 \u00e9liminer les impuret\u00e9s<\/strong><br \/>\nLes granul\u00e9s de carbone absorbent efficacement les produits chimiques nocifs, les impuret\u00e9s et autres contaminants. Cette cartouche aide \u00e0 filtrer l'eau en profondeur, garantissant une eau propre et s\u00fbre, exempte de tout polluant nocif.<\/li>\n<li><strong>Conception durable<\/strong><br \/>\nLa cartouche de granul\u00e9s de carbone de Danol est con\u00e7ue pour permettre un \u00e9coulement uniforme de l'eau \u00e0 travers elle, garantissant une r\u00e9partition optimale du carbone \u00e0 l'int\u00e9rieur de la cartouche pour une efficacit\u00e9 de filtration maximale. Les mat\u00e9riaux utilis\u00e9s dans sa fabrication assurent une qualit\u00e9 et une efficacit\u00e9 \u00e9lev\u00e9es, offrant une performance durable.<\/li>\n<li><strong>Efficacit\u00e9 dans l'\u00e9limination des odeurs<\/strong><br \/>\nL'une des caract\u00e9ristiques les plus remarquables des granul\u00e9s de carbone est leur capacit\u00e9 exceptionnelle \u00e0 \u00e9liminer les odeurs ind\u00e9sirables de l'eau. Cette cartouche contribue \u00e0 am\u00e9liorer la qualit\u00e9 globale de l'eau, la rendant plus pure et propre \u00e0 la consommation.<\/li>\n<\/ol>\n<p><strong>Les mat\u00e9riaux utilis\u00e9s dans la fabrication de la cartouche de deuxi\u00e8me \u00e9tape de Danool<br \/>\n<\/strong><\/p>\n<ul>\n<li><strong>Granules de charbon actif<\/strong>:<br \/>\nLe charbon actif est l'un des mat\u00e9riaux les plus efficaces pour la purification de l'eau, en raison de sa grande capacit\u00e9 \u00e0 absorber les produits chimiques nocifs et les impuret\u00e9s. Le charbon actif pr\u00e9sente de nombreuses propri\u00e9t\u00e9s b\u00e9n\u00e9fiques, parmi lesquelles :<\/p>\n<ul>\n<li><strong>Haute absorption<\/strong>: Capacit\u00e9 exceptionnelle \u00e0 absorber les compos\u00e9s toxiques et les contaminants.<\/li>\n<li><strong>S\u00e9curit\u00e9 sanitaire<\/strong>: Le carbone est un mat\u00e9riau totalement s\u00fbr et non toxique, ce qui en fait un choix id\u00e9al pour le traitement de l'eau.<\/li>\n<li><strong>Am\u00e9lioration de la qualit\u00e9 de l'eau<\/strong>: Le carbone aide \u00e0 am\u00e9liorer le go\u00fbt de l'eau en \u00e9liminant les substances toxiques, la rendant plus saine et propre \u00e0 la consommation.<\/li>\n<\/ul>\n<\/li>\n<\/ul>\n<p><strong>Processus de fabrication<\/strong><\/p>\n<p>La cartouche de granul\u00e9s de carbone est fabriqu\u00e9e \u00e0 partir de <strong>Danool<\/strong> Dans <strong>Ta\u00efwan<\/strong> En utilisant les derni\u00e8res technologies de fabrication mondiales, les mati\u00e8res premi\u00e8res sont soigneusement s\u00e9lectionn\u00e9es pour garantir que la cartouche offre les niveaux les plus \u00e9lev\u00e9s d'efficacit\u00e9 et de performance. Fabriqu\u00e9 \u00e0 <strong>Ta\u00efwan<\/strong> Cela garantit que cette cartouche est conforme aux normes internationales dans le domaine de la purification de l'eau, la rendant adapt\u00e9e \u00e0 une utilisation domestique partout.<\/p>\n<p><strong>L'importance de la cartouche de deuxi\u00e8me \u00e9tape de (Danool)<br \/>\n<\/strong><\/p>\n<ol>\n<li><strong>Am\u00e9lioration de la qualit\u00e9 de l'eau<\/strong><br \/>\nLa cartouche de granul\u00e9s de carbone \u00e9limine les produits chimiques nocifs et les impuret\u00e9s restantes de la premi\u00e8re \u00e9tape, contribuant \u00e0 am\u00e9liorer la qualit\u00e9 de l'eau et \u00e0 la rendre plus s\u00fbre et plus saine pour la consommation.<\/li>\n<li><strong>Augmenter l'efficacit\u00e9 des filtres<\/strong><br \/>\nCette cartouche am\u00e9liore les performances globales du syst\u00e8me en \u00e9liminant les contaminants fins restants apr\u00e8s les autres \u00e9tapes de filtration. Cela r\u00e9duit la charge sur les \u00e9tapes suivantes et les prot\u00e8ge du colmatage ou des dommages pr\u00e9matur\u00e9s.<\/li>\n<li><strong>R\u00e9duction des co\u00fbts :<\/strong><br \/>\nGr\u00e2ce \u00e0 son efficacit\u00e9 dans l'\u00e9limination des substances nuisibles, l'utilisation de la cartouche de granul\u00e9s de carbone aide \u00e0 r\u00e9duire le besoin d'entretien fr\u00e9quent des filtres, ce qui r\u00e9duit ainsi les co\u00fbts \u00e0 long terme.<\/li>\n<\/ol>\n<p><strong>Pays d'origine : Fabriqu\u00e9 \u00e0 Ta\u00efwan<\/strong><\/p>\n<p>La cartouche de granul\u00e9s de carbone est fabriqu\u00e9e \u00e0 partir de <strong>Danool<\/strong> Dans <strong>Ta\u00efwan<\/strong>Cela garantit l'utilisation de techniques de fabrication avanc\u00e9es tout en maintenant les plus hauts standards de qualit\u00e9. De plus, la fabrication en <strong>Ta\u00efwan<\/strong> Cela garantit que la cartouche est conforme aux sp\u00e9cifications mondiales des produits utilis\u00e9s dans la purification de l'eau.<\/p>\n<ul>\n<li><strong>Avantages de la cartouche fabriqu\u00e9e \u00e0 Taiwan<\/strong>:\n<ul>\n<li><strong>Haute qualit\u00e9<\/strong>: La cartouche subit des tests rigoureux pour garantir son efficacit\u00e9 et sa performance.<\/li>\n<li><strong>Mati\u00e8res premi\u00e8res soigneusement s\u00e9lectionn\u00e9es<\/strong>: Les mati\u00e8res premi\u00e8res utilis\u00e9es garantissent des performances sup\u00e9rieures et une haute qualit\u00e9.<\/li>\n<li><strong>Co\u00fbt raisonnable<\/strong>: Bien que fabriqu\u00e9e \u00e0 Ta\u00efwan, la cartouche offre toujours un bon rapport qualit\u00e9-prix.<\/li>\n<\/ul>\n<\/li>\n<\/ul>\n<p><strong>Avantages de la cartouche de granul\u00e9s de carbone de Danool<\/strong><\/p>\n<ol>\n<li><strong>Haute qualit\u00e9<\/strong><br \/>\nLa cartouche a \u00e9t\u00e9 test\u00e9e \u00e0 toutes les \u00e9tapes de la fabrication pour garantir qu'elle fonctionne efficacement et respecte les normes de qualit\u00e9 mondiales.<\/li>\n<li><strong>Co\u00fbt \u00e9conomique<\/strong><br \/>\nLa cartouche de granul\u00e9s de carbone de Danool offre des prix comp\u00e9titifs par rapport aux autres produits import\u00e9s, ce qui en fait le choix id\u00e9al pour le march\u00e9 local.<\/li>\n<li><strong>Facilit\u00e9 de disponibilit\u00e9 et support local<\/strong><br \/>\nCette cartouche est facilement disponible sur le march\u00e9, avec un soutien technique continu et des pi\u00e8ces de rechange disponibles.<\/li>\n<li><strong>Respectueux de l'environnement.<\/strong><br \/>\nLe charbon actif est recyclable, ce qui r\u00e9duit l'impact environnemental et contribue \u00e0 la durabilit\u00e9 de l'environnement.<\/li>\n<\/ol>\n<p><strong>Comment utiliser<\/strong><\/p>\n<ul>\n<li><strong>Changement de la cartouche<\/strong>: Il est recommand\u00e9 de remplacer la cartouche de deuxi\u00e8me \u00e9tape tous les 6 \u00e0 12 mois, en fonction du niveau de contamination de l'eau et de l'efficacit\u00e9 du filtre.<\/li>\n<li><strong>Installation correcte<\/strong>Remplacez la cartouche de la troisi\u00e8me \u00e9tape tous les 6 \u00e0 12 mois, en fonction du niveau de contamination de l'eau et de l'efficacit\u00e9 du filtre.<\/li>\n<li><strong>Maintenance r\u00e9guli\u00e8re<\/strong>: Effectuez un entretien r\u00e9gulier des filtres pour garantir l'efficacit\u00e9 de la cartouche en tout temps.<\/li>\n<\/ul>\n<p><strong>Conclusion<\/strong><\/p>\n<p>La cartouche de granul\u00e9s de carbone de <strong>Danool<\/strong>, fabriqu\u00e9e en <strong>Ta\u00efwan<\/strong>C'est le choix id\u00e9al pour am\u00e9liorer la qualit\u00e9 de l'eau domestique. Elle se distingue par sa capacit\u00e9 \u00e0 \u00e9liminer les contaminants chimiques et organiques, am\u00e9liorer le go\u00fbt et l'odeur, et garantir une eau pure et s\u00fbre \u00e0 utiliser. Gr\u00e2ce \u00e0 sa haute qualit\u00e9 et \u00e0 son prix abordable, cette cartouche est le choix parfait pour de nombreuses familles soucieuses de la sant\u00e9 de leur eau.<\/p>\n<\/div>\n<\/div>\n<\/div>\n<\/div>\n<div class=\"mb-2 flex gap-3 empty:hidden -ml-2\">\n<div class=\"items-center justify-start rounded-xl p-1 flex\">\n<div class=\"flex items-center\"><\/div>\n<\/div>\n<\/div>","protected":false},"excerpt":{"rendered":"<p>La cartouche de filtre \u00e0 eau de deuxi\u00e8me \u00e9tape, fabriqu\u00e9e \u00e0 partir de granul\u00e9s de carbone de <strong>Danool<\/strong> Dans<strong> La cartouche de filtre \u00e0 eau de deuxi\u00e8me \u00e9tape, fabriqu\u00e9e \u00e0 partir de granul\u00e9s de carbone de Ta\u00efwan<\/strong> Elle \u00e9limine les contaminants chimiques et organiques, tout en am\u00e9liorant le go\u00fbt et l'odeur de l'eau. Elle fournit de l'eau pure et s\u00fbre pour la consommation gr\u00e2ce \u00e0 sa capacit\u00e9 sup\u00e9rieure \u00e0 absorber les substances toxiques et les impuret\u00e9s. Elle se distingue par sa haute qualit\u00e9 et son rapport qualit\u00e9\/prix, ce qui en fait un choix id\u00e9al pour de nombreux utilisateurs.<\/p>","protected":false},"featured_media":1057,"comment_status":"open","ping_status":"closed","template":"","meta":{"_acf_changed":false,"site-sidebar-layout":"default","site-content-layout":"","ast-site-content-layout":"default","site-content-style":"default","site-sidebar-style":"default","ast-global-header-display":"","ast-banner-title-visibility":"","ast-main-header-display":"","ast-hfb-above-header-display":"","ast-hfb-below-header-display":"","ast-hfb-mobile-header-display":"","site-post-title":"","ast-breadcrumbs-content":"","ast-featured-img":"","footer-sml-layout":"","theme-transparent-header-meta":"default","adv-header-id-meta":"","stick-header-meta":"default","header-above-stick-meta":"","header-main-stick-meta":"","header-below-stick-meta":"","astra-migrate-meta-layouts":"set","ast-page-background-enabled":"default","ast-page-background-meta":{"desktop":{"background-color":"var(--ast-global-color-4)","background-image":"","background-repeat":"repeat","background-position":"center center","background-size":"auto","background-attachment":"scroll","background-type":"","background-media":"","overlay-type":"","overlay-color":"","overlay-opacity":"","overlay-gradient":""},"tablet":{"background-color":"","background-image":"","background-repeat":"repeat","background-position":"center center","background-size":"auto","background-attachment":"scroll","background-type":"","background-media":"","overlay-type":"","overlay-color":"","overlay-opacity":"","overlay-gradient":""},"mobile":{"background-color":"","background-image":"","background-repeat":"repeat","background-position":"center center","background-size":"auto","background-attachment":"scroll","background-type":"","background-media":"","overlay-type":"","overlay-color":"","overlay-opacity":"","overlay-gradient":""}},"ast-content-background-meta":{"desktop":{"background-color":"var(--ast-global-color-5)","background-image":"","background-repeat":"repeat","background-position":"center center","background-size":"auto","background-attachment":"scroll","background-type":"","background-media":"","overlay-type":"","overlay-color":"","overlay-opacity":"","overlay-gradient":""},"tablet":{"background-color":"var(--ast-global-color-5)","background-image":"","background-repeat":"repeat","background-position":"center center","background-size":"auto","background-attachment":"scroll","background-type":"","background-media":"","overlay-type":"","overlay-color":"","overlay-opacity":"","overlay-gradient":""},"mobile":{"background-color":"var(--ast-global-color-5)","background-image":"","background-repeat":"repeat","background-position":"center center","background-size":"auto","background-attachment":"scroll","background-type":"","background-media":"","overlay-type":"","overlay-color":"","overlay-opacity":"","overlay-gradient":""}}},"product_brand":[],"product_cat":[300],"product_tag":[328,329,327,335,336],"class_list":{"0":"post-1063","1":"product","2":"type-product","3":"status-publish","4":"has-post-thumbnail","6":"product_cat-spare-parts","7":"product_tag-328","8":"product_tag-329","9":"product_tag-327","10":"product_tag-335","11":"product_tag-336","12":"desktop-align-center","13":"tablet-align-center","14":"mobile-align-center","15":"ast-product-gallery-layout-horizontal-slider","16":"ast-product-tabs-layout-horizontal","18":"first","19":"outofstock","20":"sale","21":"taxable","22":"shipping-taxable","23":"purchasable","24":"product-type-simple"},"acf":[],"jetpack_sharing_enabled":true,"_links":{"self":[{"href":"https:\/\/danool.com\/fr\/wp-json\/wp\/v2\/product\/1063","targetHints":{"allow":["GET"]}}],"collection":[{"href":"https:\/\/danool.com\/fr\/wp-json\/wp\/v2\/product"}],"about":[{"href":"https:\/\/danool.com\/fr\/wp-json\/wp\/v2\/types\/product"}],"replies":[{"embeddable":true,"href":"https:\/\/danool.com\/fr\/wp-json\/wp\/v2\/comments?post=1063"}],"wp:featuredmedia":[{"embeddable":true,"href":"https:\/\/danool.com\/fr\/wp-json\/wp\/v2\/media\/1057"}],"wp:attachment":[{"href":"https:\/\/danool.com\/fr\/wp-json\/wp\/v2\/media?parent=1063"}],"wp:term":[{"taxonomy":"product_brand","embeddable":true,"href":"https:\/\/danool.com\/fr\/wp-json\/wp\/v2\/product_brand?post=1063"},{"taxonomy":"product_cat","embeddable":true,"href":"https:\/\/danool.com\/fr\/wp-json\/wp\/v2\/product_cat?post=1063"},{"taxonomy":"product_tag","embeddable":true,"href":"https:\/\/danool.com\/fr\/wp-json\/wp\/v2\/product_tag?post=1063"}],"curies":[{"name":"wp","href":"https:\/\/api.w.org\/{rel}","templated":true}]}}