{"id":1064,"date":"2024-12-23T11:01:55","date_gmt":"2024-12-23T11:01:55","guid":{"rendered":"https:\/\/danool.com\/?post_type=product&#038;p=1064"},"modified":"2025-10-27T18:39:01","modified_gmt":"2025-10-27T18:39:01","slug":"cto-taiwan","status":"publish","type":"product","link":"https:\/\/danool.com\/fr\/produit\/cto-taiwan\/","title":{"rendered":"La cartouche en carbone solide de troisi\u00e8me phase de Danool \u2013 Fabriqu\u00e9e \u00e0 Ta\u00efwan"},"content":{"rendered":"<div class=\"flex max-w-full flex-col flex-grow\">\n<div class=\"min-h-8 text-message flex w-full flex-col items-end gap-2 whitespace-normal break-words text-start [.text-message+&amp;]:mt-5\" dir=\"auto\" data-message-author-role=\"assistant\" data-message-id=\"2fdc2df3-bcd6-498e-bb3e-fea80846e330\" data-message-model-slug=\"gpt-4o-mini\">\n<div class=\"flex w-full flex-col gap-1 empty:hidden first:pt-[3px]\">\n<div class=\"markdown prose w-full break-words dark:prose-invert light\">\n<p><strong>La cartouche en carbone solide de troisi\u00e8me phase de Danool \u2013 Fabriqu\u00e9e \u00e0 Ta\u00efwan<\/strong><\/p>\n<p><strong>Introduction<\/strong><\/p>\n<p>La cartouche de la troisi\u00e8me \u00e9tape dans les syst\u00e8mes de purification de l'eau est l'\u00e9l\u00e9ment cl\u00e9 qui garantit de l'eau pure et s\u00fbre pour la consommation. La cartouche de carbone compact de <strong>Danool<\/strong> L'une des solutions les plus efficaces \u00e0 cette \u00e9tape, elle se distingue par sa grande capacit\u00e9 \u00e0 \u00e9liminer les impuret\u00e9s chimiques, les compos\u00e9s organiques et les odeurs ind\u00e9sirables, am\u00e9liorant consid\u00e9rablement la qualit\u00e9 de l'eau. Cette cartouche est fabriqu\u00e9e \u00e0 <strong>Ta\u00efwan<\/strong>Cela garantit un produit de haute qualit\u00e9 conforme aux derni\u00e8res normes mondiales dans le domaine de la purification de l'eau.<\/p>\n<p><strong>Sp\u00e9cifications de la cartouche de troisi\u00e8me \u00e9tape : Charbon compact de (Danool)<\/strong><\/p>\n<ol>\n<li><strong>Composition principale : Charbon compact<\/strong>\n<ul>\n<li>La cartouche de troisi\u00e8me \u00e9tape repose sur <strong>Charbon compact<\/strong>C'est une substance connue pour sa grande capacit\u00e9 \u00e0 absorber les impuret\u00e9s et les produits chimiques nocifs tels que les pesticides, le chlore et les compos\u00e9s organiques.<\/li>\n<li>Le carbone compact poss\u00e8de une grande surface sp\u00e9cifique, ce qui lui permet d'absorber autant de contaminants que possible pr\u00e9sents dans l'eau.<\/li>\n<li>Ce type de carbone contribue \u00e0 am\u00e9liorer le go\u00fbt de l'eau, la rendant plus pure et adapt\u00e9e \u00e0 la consommation humaine.<\/li>\n<\/ul>\n<\/li>\n<li><strong>La capacit\u00e9 \u00e0 \u00e9liminer les impuret\u00e9s<\/strong>\n<ul>\n<li>La cartouche de carbone compact \u00e9limine les produits chimiques, les compos\u00e9s organiques et les odeurs ind\u00e9sirables, ce qui est crucial pour maintenir de l'eau s\u00fbre.<\/li>\n<li>Il aide \u00e9galement \u00e0 filtrer les substances qui pourraient affecter la sant\u00e9 humaine ou le go\u00fbt de l'eau, la rendant plus pure et plus saine.<\/li>\n<\/ul>\n<\/li>\n<li><strong>Conception durable<\/strong>\n<ul>\n<li>La cartouche de carbone compact de Danol est con\u00e7ue pour garantir un flux uniforme de l'eau \u00e0 travers la cartouche, permettant une distribution efficace du carbone dans le processus de purification.<\/li>\n<li>La cartouche utilise des mat\u00e9riaux de haute qualit\u00e9 pour offrir une grande efficacit\u00e9 et garantir des performances durables sur de longues p\u00e9riodes.<\/li>\n<\/ul>\n<\/li>\n<li><strong>Efficacit\u00e9 dans l'\u00e9limination des odeurs<\/strong>\n<ul>\n<li>Le carbone compact se distingue par sa capacit\u00e9 exceptionnelle \u00e0 \u00e9liminer les odeurs ind\u00e9sirables, telles que l'odeur de chlore et d'autres odeurs chimiques, am\u00e9liorant ainsi le go\u00fbt de l'eau et la rendant potable.<\/li>\n<li>Cette caract\u00e9ristique rend la cartouche id\u00e9ale pour les foyers qui d\u00e9pendent de l'eau filtr\u00e9e dans leur vie quotidienne.<\/li>\n<\/ul>\n<\/li>\n<\/ol>\n<p><strong>Les mat\u00e9riaux utilis\u00e9s dans la fabrication de la cartouche de troisi\u00e8me \u00e9tape de (Danool)<br \/>\n<\/strong><\/p>\n<p><strong>Charbon compact<\/strong> C'est l'\u00e9l\u00e9ment principal dans la fabrication de la cartouche de la troisi\u00e8me \u00e9tape. Ce type de carbone poss\u00e8de des propri\u00e9t\u00e9s uniques qui le rendent id\u00e9al pour le traitement de l'eau :<\/p>\n<ul>\n<li><strong>Absorption exceptionnelle<\/strong>Le carbone compact se distingue par sa capacit\u00e9 exceptionnelle \u00e0 absorber les substances toxiques et les impuret\u00e9s chimiques qui peuvent \u00eatre pr\u00e9sentes dans l'eau.<\/li>\n<li><strong>Sain et s\u00fbr<\/strong>Le carbone compact est consid\u00e9r\u00e9 comme un mat\u00e9riau totalement s\u00fbr et non toxique, ce qui en fait le choix id\u00e9al pour la purification de l'eau.<\/li>\n<li><strong>Am\u00e9lioration du go\u00fbt de l'eau<\/strong>Il am\u00e9liore consid\u00e9rablement le go\u00fbt de l'eau et \u00e9limine les compos\u00e9s toxiques et les odeurs ind\u00e9sirables.<\/li>\n<\/ul>\n<p><strong>Processus de fabrication<\/strong><\/p>\n<p>La cartouche de carbone massif a \u00e9t\u00e9 fabriqu\u00e9e par <strong>Danool<\/strong> Dans <strong>Ta\u00efwan<\/strong> En utilisant des techniques de fabrication avanc\u00e9es, le processus de fabrication garantit que la cartouche respecte des normes internationales \u00e9lev\u00e9es. Elle contient \u00e9galement des mati\u00e8res premi\u00e8res de haute qualit\u00e9 pour garantir une efficacit\u00e9 maximale dans la purification de l'eau.<\/p>\n<p>Le processus de fabrication \u00e0 Ta\u00efwan garantit la qualit\u00e9 et la pr\u00e9cision de la production, ce qui fait de cette cartouche un choix remarquable pour les consommateurs sur les march\u00e9s locaux et mondiaux.<\/p>\n<p><strong>L'importance du filtre de troisi\u00e8me \u00e9tape de Danool<br \/>\n<\/strong><\/p>\n<ol>\n<li><strong>Am\u00e9lioration de la qualit\u00e9 de l'eau<\/strong>:\n<ul>\n<li>La cartouche de carbone compact aide \u00e0 \u00e9liminer les produits chimiques nocifs qui peuvent \u00eatre pr\u00e9sents dans l'eau, rendant l'eau plus pure et plus saine.<\/li>\n<li>Elle contribue \u00e9galement \u00e0 am\u00e9liorer le go\u00fbt de l'eau, la rendant propre \u00e0 la consommation humaine.<\/li>\n<\/ul>\n<\/li>\n<li><strong>Augmenter l'efficacit\u00e9 des filtres<\/strong>:\n<ul>\n<li>La cartouche de troisi\u00e8me \u00e9tape aide \u00e0 am\u00e9liorer l'efficacit\u00e9 globale des syst\u00e8mes de filtration en \u00e9liminant les contaminants fins restants apr\u00e8s les \u00e9tapes de filtration pr\u00e9c\u00e9dentes.<\/li>\n<li>Elle contribue \u00e0 prot\u00e9ger les autres \u00e9tapes contre les obstructions ou la contamination, prolongeant ainsi la dur\u00e9e de vie des autres filtres.<\/li>\n<\/ul>\n<\/li>\n<li><strong>R\u00e9duction des co\u00fbts :<\/strong>:\n<ul>\n<li>En utilisant une cartouche efficace pour \u00e9liminer les produits chimiques nocifs, le besoin d'entretien r\u00e9gulier des filtres est r\u00e9duit, ce qui permet de diminuer les co\u00fbts \u00e0 long terme.<\/li>\n<\/ul>\n<\/li>\n<\/ol>\n<p><strong>Pays d'origine : Fabriqu\u00e9 \u00e0 Ta\u00efwan<\/strong><\/p>\n<p>La cartouche de carbone massif a \u00e9t\u00e9 fabriqu\u00e9e par <strong>Danool<\/strong> Dans <strong>Ta\u00efwan<\/strong> En utilisant des mati\u00e8res premi\u00e8res de haute qualit\u00e9 et des techniques de fabrication avanc\u00e9es, le processus de fabrication \u00e0 Ta\u00efwan garantit que la cartouche respecte les normes mondiales de s\u00e9curit\u00e9 de l'eau, en faisant le choix id\u00e9al pour les consommateurs du monde entier.<\/p>\n<p><strong>Avantages de la cartouche de carbone compact fabriqu\u00e9e \u00e0 Ta\u00efwan<\/strong><\/p>\n<ol>\n<li><strong>Haute qualit\u00e9<\/strong>:\n<ul>\n<li>La cartouche se distingue par une qualit\u00e9 de fabrication sup\u00e9rieure, test\u00e9e \u00e0 chaque \u00e9tape de la production pour garantir son efficacit\u00e9 et sa performance dans la purification de l'eau.<\/li>\n<li>Les mati\u00e8res premi\u00e8res utilis\u00e9es garantissent des performances sup\u00e9rieures et durables.<\/li>\n<\/ul>\n<\/li>\n<li><strong>Co\u00fbt \u00e9conomique<\/strong>:\n<ul>\n<li>La cartouche est disponible <strong>Danool<\/strong> Le carbone compact est propos\u00e9 \u00e0 un prix abordable par rapport aux autres produits import\u00e9s, ce qui en fait un choix de premier plan pour les march\u00e9s locaux et mondiaux.<\/li>\n<\/ul>\n<\/li>\n<li><strong>Facilit\u00e9 de disponibilit\u00e9 et support local<\/strong>:\n<ul>\n<li>La cartouche de carbone compact est facilement disponible sur les march\u00e9s locaux et mondiaux, avec un support technique et des pi\u00e8ces de rechange facilement accessibles.<\/li>\n<\/ul>\n<\/li>\n<li><strong>Respectueux de l'environnement.<\/strong>:\n<ul>\n<li>Le carbone solide est recyclable, ce qui contribue \u00e0 r\u00e9duire l'impact environnemental et \u00e0 maintenir la durabilit\u00e9 de l'environnement.<\/li>\n<\/ul>\n<\/li>\n<\/ol>\n<p><strong>Comment utiliser<\/strong><\/p>\n<ul>\n<li>Comment utiliser<\/li>\n<li>Remplacez la cartouche de la troisi\u00e8me \u00e9tape tous les 6 \u00e0 12 mois, en fonction du niveau de contamination de l'eau et de l'efficacit\u00e9 du filtre.<\/li>\n<li>Assurez-vous d'effectuer un entretien r\u00e9gulier du filtre pour garantir l'efficacit\u00e9 de la cartouche en tout temps.<\/li>\n<\/ul>\n<p><strong>Conclusion<\/strong><\/p>\n<p>La cartouche de carbone solide de <strong>Danool<\/strong> Fabriqu\u00e9 en <strong>Ta\u00efwan<\/strong> C'est le choix id\u00e9al pour am\u00e9liorer la qualit\u00e9 de l'eau domestique. Gr\u00e2ce \u00e0 sa grande capacit\u00e9 \u00e0 \u00e9liminer les produits chimiques nuisibles, les odeurs et les impuret\u00e9s, elle fournit de l'eau pure et adapt\u00e9e \u00e0 une utilisation quotidienne. Elle se distingue \u00e9galement par sa haute qualit\u00e9, son co\u00fbt abordable et sa disponibilit\u00e9 facile sur les march\u00e9s locaux et mondiaux, ce qui en fait un excellent choix pour les consommateurs \u00e0 la recherche d'eau pure et s\u00fbre pour la consommation.<\/p>\n<\/div>\n<\/div>\n<\/div>\n<\/div>\n<div class=\"mb-2 flex gap-3 empty:hidden -ml-2\">\n<div class=\"items-center justify-start rounded-xl p-1 z-10 -mt-1 bg-token-main-surface-primary screen-arch:mt-1 md:absolute md:sr-only\">\n<div class=\"flex items-center\"><\/div>\n<\/div>\n<\/div>","protected":false},"excerpt":{"rendered":"<p><strong>Cartouche de la troisi\u00e8me \u00e9tape<\/strong> Carbone compact de <strong>Danool<\/strong>, fabriqu\u00e9e en <strong>Ta\u00efwan<\/strong>Elle se distingue par sa capacit\u00e9 \u00e9lev\u00e9e \u00e0 \u00e9liminer les produits chimiques nuisibles et les odeurs ind\u00e9sirables, am\u00e9liorant ainsi consid\u00e9rablement la qualit\u00e9 de l'eau. Elle fournit de l'eau pure et potable gr\u00e2ce \u00e0 sa capacit\u00e9 \u00e0 absorber les compos\u00e9s toxiques et \u00e0 am\u00e9liorer le go\u00fbt. Fabriqu\u00e9e \u00e0 Ta\u00efwan, elle garantit une haute qualit\u00e9 et en fait un choix \u00e9conomique et fiable pour les consommateurs.<\/p>","protected":false},"featured_media":1055,"comment_status":"open","ping_status":"closed","template":"","meta":{"_acf_changed":false,"site-sidebar-layout":"default","site-content-layout":"","ast-site-content-layout":"default","site-content-style":"default","site-sidebar-style":"default","ast-global-header-display":"","ast-banner-title-visibility":"","ast-main-header-display":"","ast-hfb-above-header-display":"","ast-hfb-below-header-display":"","ast-hfb-mobile-header-display":"","site-post-title":"","ast-breadcrumbs-content":"","ast-featured-img":"","footer-sml-layout":"","theme-transparent-header-meta":"default","adv-header-id-meta":"","stick-header-meta":"default","header-above-stick-meta":"","header-main-stick-meta":"","header-below-stick-meta":"","astra-migrate-meta-layouts":"set","ast-page-background-enabled":"default","ast-page-background-meta":{"desktop":{"background-color":"var(--ast-global-color-4)","background-image":"","background-repeat":"repeat","background-position":"center center","background-size":"auto","background-attachment":"scroll","background-type":"","background-media":"","overlay-type":"","overlay-color":"","overlay-opacity":"","overlay-gradient":""},"tablet":{"background-color":"","background-image":"","background-repeat":"repeat","background-position":"center center","background-size":"auto","background-attachment":"scroll","background-type":"","background-media":"","overlay-type":"","overlay-color":"","overlay-opacity":"","overlay-gradient":""},"mobile":{"background-color":"","background-image":"","background-repeat":"repeat","background-position":"center center","background-size":"auto","background-attachment":"scroll","background-type":"","background-media":"","overlay-type":"","overlay-color":"","overlay-opacity":"","overlay-gradient":""}},"ast-content-background-meta":{"desktop":{"background-color":"var(--ast-global-color-5)","background-image":"","background-repeat":"repeat","background-position":"center center","background-size":"auto","background-attachment":"scroll","background-type":"","background-media":"","overlay-type":"","overlay-color":"","overlay-opacity":"","overlay-gradient":""},"tablet":{"background-color":"var(--ast-global-color-5)","background-image":"","background-repeat":"repeat","background-position":"center center","background-size":"auto","background-attachment":"scroll","background-type":"","background-media":"","overlay-type":"","overlay-color":"","overlay-opacity":"","overlay-gradient":""},"mobile":{"background-color":"var(--ast-global-color-5)","background-image":"","background-repeat":"repeat","background-position":"center center","background-size":"auto","background-attachment":"scroll","background-type":"","background-media":"","overlay-type":"","overlay-color":"","overlay-opacity":"","overlay-gradient":""}}},"product_brand":[],"product_cat":[27,300],"product_tag":[332,329,334,339,337,338],"class_list":{"0":"post-1064","1":"product","2":"type-product","3":"status-publish","4":"has-post-thumbnail","6":"product_cat-store","7":"product_cat-spare-parts","8":"product_tag-332","9":"product_tag-329","10":"product_tag-334","11":"product_tag-339","12":"product_tag-337","13":"product_tag-338","14":"desktop-align-center","15":"tablet-align-center","16":"mobile-align-center","17":"ast-product-gallery-layout-horizontal-slider","18":"ast-product-tabs-layout-horizontal","20":"first","21":"instock","22":"sale","23":"featured","24":"taxable","25":"shipping-taxable","26":"purchasable","27":"product-type-simple"},"acf":[],"jetpack_sharing_enabled":true,"_links":{"self":[{"href":"https:\/\/danool.com\/fr\/wp-json\/wp\/v2\/product\/1064","targetHints":{"allow":["GET"]}}],"collection":[{"href":"https:\/\/danool.com\/fr\/wp-json\/wp\/v2\/product"}],"about":[{"href":"https:\/\/danool.com\/fr\/wp-json\/wp\/v2\/types\/product"}],"replies":[{"embeddable":true,"href":"https:\/\/danool.com\/fr\/wp-json\/wp\/v2\/comments?post=1064"}],"wp:featuredmedia":[{"embeddable":true,"href":"https:\/\/danool.com\/fr\/wp-json\/wp\/v2\/media\/1055"}],"wp:attachment":[{"href":"https:\/\/danool.com\/fr\/wp-json\/wp\/v2\/media?parent=1064"}],"wp:term":[{"taxonomy":"product_brand","embeddable":true,"href":"https:\/\/danool.com\/fr\/wp-json\/wp\/v2\/product_brand?post=1064"},{"taxonomy":"product_cat","embeddable":true,"href":"https:\/\/danool.com\/fr\/wp-json\/wp\/v2\/product_cat?post=1064"},{"taxonomy":"product_tag","embeddable":true,"href":"https:\/\/danool.com\/fr\/wp-json\/wp\/v2\/product_tag?post=1064"}],"curies":[{"name":"wp","href":"https:\/\/api.w.org\/{rel}","templated":true}]}}