{"id":977,"date":"2024-12-21T13:23:11","date_gmt":"2024-12-21T13:23:11","guid":{"rendered":"https:\/\/danool.com\/?post_type=product&#038;p=977"},"modified":"2025-08-16T18:14:47","modified_gmt":"2025-08-16T18:14:47","slug":"pp-egypt","status":"publish","type":"product","link":"https:\/\/danool.com\/fr\/produit\/pp-egypt\/","title":{"rendered":"Bougie de premi\u00e8re \u00e9tape de Danool Polypropyl\u00e8ne \u2013 Fabriqu\u00e9e en \u00c9gypte."},"content":{"rendered":"<p style=\"text-align: right;\"><strong>Prix et caract\u00e9ristiques de la cartouche de premi\u00e8re phase (Danool) pour filtres \u00e0 eau en mat\u00e9riaux de polypropyl\u00e8ne \u00e9gyptiens<\/strong><\/p>\n<p style=\"text-align: right;\"><strong>Introduction<\/strong><\/p>\n<p style=\"text-align: right;\">La cartouche de premi\u00e8re \u00e9tape est un composant essentiel dans les syst\u00e8mes de purification de l'eau, responsable de l'\u00e9limination des impuret\u00e9s et des contaminants solides de l'eau. L'efficacit\u00e9 du syst\u00e8me de filtration de l'eau d\u00e9pend largement de la qualit\u00e9 de la cartouche de premi\u00e8re \u00e9tape. Avec l'augmentation de la demande en eau propre et pure pour un usage domestique, l'importance des produits locaux alliant qualit\u00e9 et prix comp\u00e9titifs devient \u00e9vidente. La cartouche de premi\u00e8re \u00e9tape des filtres \u00e0 eau, fabriqu\u00e9e \u00e0 partir de mat\u00e9riaux en polypropyl\u00e8ne \u00e9gyptien, constitue un choix remarquable pour ceux qui recherchent \u00e0 la fois efficacit\u00e9 et performance.<\/p>\n<p style=\"text-align: right;\"><strong>Caract\u00e9ristiques de la cartouche de premi\u00e8re phase de (Danool) <\/strong><br \/>\nFabriqu\u00e9 \u00e0 partir de mat\u00e9riaux en polypropyl\u00e8ne de haute qualit\u00e9.<br \/>\nElle est capable d'\u00e9liminer efficacement les impuret\u00e9s et les s\u00e9diments.<br \/>\nElle est adapt\u00e9e \u00e0 l'utilisation dans diff\u00e9rents types de filtres \u00e0 eau domestiques, et le design offre une longue dur\u00e9e de vie.<\/p>\n<p style=\"text-align: right;\"><strong>Les mat\u00e9riaux utilis\u00e9s pour la fabrication de la cartouche de premi\u00e8re phase de (Danool) : le polypropyl\u00e8ne<\/strong><\/p>\n<p style=\"text-align: right;\">Le polypropyl\u00e8ne est le mat\u00e9riau principal utilis\u00e9 dans la fabrication du cartouche de premier stade.<br \/>\nElle se caract\u00e9rise par le fait d'\u00eatre un mat\u00e9riau s\u00fbr pour la sant\u00e9, non toxique et certifi\u00e9 au niveau mondial pour une utilisation dans les syst\u00e8mes de traitement de l'eau.<br \/>\nCela aide \u00e0 fournir de l'eau propre et exempte de contaminants biologiques, tout en r\u00e9sistant efficacement \u00e0 la rouille, \u00e0 la corrosion et aux bact\u00e9ries, ce qui en fait le choix id\u00e9al pour la purification de l'eau domestique. Le cartouche n'est pas affect\u00e9 par l'humidit\u00e9 ou une exposition prolong\u00e9e \u00e0 l'eau, garantissant une plus grande dur\u00e9e de vie.<\/p>\n<p style=\"text-align: right;\">Propri\u00e9t\u00e9 de r\u00e9sistance aux bact\u00e9ries : Le polypropyl\u00e8ne emp\u00eache la croissance des bact\u00e9ries et des champignons \u00e0 la surface de la cartouche, ce qui aide \u00e0 fournir de l'eau propre, exempte de contaminants biologiques.<\/p>\n<p style=\"text-align: right;\">Qualit\u00e9 et certification mondiale : Le polypropyl\u00e8ne a \u00e9t\u00e9 certifi\u00e9 au niveau mondial comme un choix s\u00fbr et efficace pour le traitement et la purification de l'eau. Il se distingue par sa stabilit\u00e9 chimique, ce qui l'emp\u00eache de r\u00e9agir avec l'eau ou de lib\u00e9rer des substances nocives.<\/p>\n<p style=\"text-align: right;\">Rigidit\u00e9 et efficacit\u00e9.<br \/>\nLe polypropyl\u00e8ne est consid\u00e9r\u00e9 comme un mat\u00e9riau durable qui r\u00e9siste \u00e0 la pression de l'eau sans se fissurer ni se d\u00e9t\u00e9riorer.<br \/>\nLa densit\u00e9 \u00e9quilibr\u00e9e de la cartouche assure une filtration efficace et l'\u00e9limination des particules fines, m\u00eame les plus petites.<\/p>\n<p style=\"text-align: right;\"><strong>\u00a0\u00a0 L'importance d'utiliser la cartouche de premi\u00e8re phase (Danool)<\/strong><\/p>\n<p style=\"text-align: right;\">Am\u00e9liorer la qualit\u00e9 de l'eau : Il \u00e9limine les s\u00e9diments et les impuret\u00e9s, rendant l'eau plus pure et plus saine.<br \/>\nProlonger la dur\u00e9e de vie du filtre : Les \u00e9tapes suivantes du syst\u00e8me de filtration prot\u00e8gent contre l'obstruction ou l'endommagement pr\u00e9matur\u00e9.<br \/>\nR\u00e9duire les co\u00fbts de maintenance : L'utilisation d'une cartouche efficace r\u00e9duit le besoin d'entretien fr\u00e9quent du filtre.<\/p>\n<p style=\"text-align: right;\"><strong>Pourquoi la cartouche en polypropyl\u00e8ne de (Danool) est-elle le choix id\u00e9al ?<\/strong><\/p>\n<p style=\"text-align: right;\">La combinaison d'une grande efficacit\u00e9 et d'un co\u00fbt raisonnable fait du polypropyl\u00e8ne le mat\u00e9riau le plus utilis\u00e9 dans la fabrication des cartouches de filtres.<br \/>\nDe plus, sa recyclabilit\u00e9 est une caract\u00e9ristique environnementale importante, car elle contribue \u00e0 r\u00e9duire les impacts n\u00e9gatifs sur l'environnement.<\/p>\n<p style=\"text-align: right;\"><strong>Pays de fabrication<\/strong><br \/>\nIl est enti\u00e8rement fabriqu\u00e9 en \u00c9gypte, garantissant sa conformit\u00e9 aux sp\u00e9cifications locales et sa s\u00e9curit\u00e9 pour la purification de l'eau. Le produit \u00e9gyptien est soumis \u00e0 un contr\u00f4le qualit\u00e9 strict pour garantir sa s\u00e9curit\u00e9, et il est disponible sur les march\u00e9s locaux, ce qui facilite la commande et l'achat en d\u00e9tail et en gros, ainsi que le remplacement ou l'entretien lorsque cela est n\u00e9cessaire.<\/p>\n<p style=\"text-align: right;\">.<strong>Avantages de la cartouche en polypropyl\u00e8ne \u00e9gyptienne de Danool<\/strong><br \/>\nQualit\u00e9 sup\u00e9rieure : La cartouche est fabriqu\u00e9e \u00e0 partir de mat\u00e9riaux exceptionnels qui garantissent l'efficacit\u00e9 op\u00e9rationnelle et r\u00e9sistent \u00e0 l'usure quotidienne.<br \/>\nCo\u00fbt \u00e9conomique : Un produit local offrant une qualit\u00e9 similaire \u00e0 celle des produits import\u00e9s \u00e0 un prix comp\u00e9titif.<br \/>\nCompatibilit\u00e9 avec divers filtres : Il est con\u00e7u pour s'adapter \u00e0 la plupart des syst\u00e8mes disponibles sur le march\u00e9 avec disponibilit\u00e9 et support locaux.<\/p>\n<p style=\"text-align: right;\">Elle peut \u00eatre facilement obtenue sur les march\u00e9s \u00e9gyptiens, en plus de la disponibilit\u00e9 du support technique et des pi\u00e8ces de rechange.<br \/>\nRespectueux de l'environnement.<br \/>\nLe polypropyl\u00e8ne est recyclable, ce qui r\u00e9duit l'impact environnemental.<\/p>\n<p style=\"text-align: right;\">::\u0627<strong>Utilisations et avantages.<\/strong><br \/>\nFiltration int\u00e9gr\u00e9e : \u00c9limination des impuret\u00e9s et des s\u00e9diments pour garantir de l'eau propre et potable.<br \/>\nMaison et famille : Convient aux familles \u00e9gyptiennes et arabes, aidant \u00e0 r\u00e9duire le co\u00fbt de l'achat d'eau en bouteille.<\/p>\n<p style=\"text-align: right;\"><strong>.<\/strong><br \/>\n<strong>Le prix de la cartouche de premi\u00e8re phase de (Danool)<br \/>\n<\/strong><\/p>\n<p style=\"text-align: right;\">La cartouche est prix de mani\u00e8re \u00e0 \u00eatre adapt\u00e9e au consommateur, en tenant compte de la comp\u00e9titivit\u00e9 du march\u00e9. Pour les commandes en gros et les offres sp\u00e9ciales, veuillez nous contacter directement par t\u00e9l\u00e9phone ou par les canaux de communication disponibles.<\/p>","protected":false},"excerpt":{"rendered":"<p data-pm-slice=\"1 1 []\">Avec l'augmentation du besoin en eau propre et pure pour un usage domestique, l'importance des produits locaux qui allient qualit\u00e9 et prix comp\u00e9titifs devient \u00e9vidente. La bougie de premi\u00e8re \u00e9tape de... <strong> (Danool)<\/strong> Les filtres \u00e0 eau fabriqu\u00e9s \u00e0 partir de mat\u00e9riaux en polypropyl\u00e8ne \u00e9gyptien sont un excellent choix pour ceux qui recherchent \u00e0 la fois l'efficacit\u00e9 et la performance.<\/p>","protected":false},"featured_media":978,"comment_status":"open","ping_status":"closed","template":"","meta":{"_acf_changed":false,"site-sidebar-layout":"default","site-content-layout":"","ast-site-content-layout":"default","site-content-style":"default","site-sidebar-style":"default","ast-global-header-display":"","ast-banner-title-visibility":"","ast-main-header-display":"","ast-hfb-above-header-display":"","ast-hfb-below-header-display":"","ast-hfb-mobile-header-display":"","site-post-title":"","ast-breadcrumbs-content":"","ast-featured-img":"","footer-sml-layout":"","theme-transparent-header-meta":"default","adv-header-id-meta":"","stick-header-meta":"default","header-above-stick-meta":"","header-main-stick-meta":"","header-below-stick-meta":"","astra-migrate-meta-layouts":"set","ast-page-background-enabled":"default","ast-page-background-meta":{"desktop":{"background-color":"var(--ast-global-color-4)","background-image":"","background-repeat":"repeat","background-position":"center center","background-size":"auto","background-attachment":"scroll","background-type":"","background-media":"","overlay-type":"","overlay-color":"","overlay-opacity":"","overlay-gradient":""},"tablet":{"background-color":"","background-image":"","background-repeat":"repeat","background-position":"center center","background-size":"auto","background-attachment":"scroll","background-type":"","background-media":"","overlay-type":"","overlay-color":"","overlay-opacity":"","overlay-gradient":""},"mobile":{"background-color":"","background-image":"","background-repeat":"repeat","background-position":"center center","background-size":"auto","background-attachment":"scroll","background-type":"","background-media":"","overlay-type":"","overlay-color":"","overlay-opacity":"","overlay-gradient":""}},"ast-content-background-meta":{"desktop":{"background-color":"var(--ast-global-color-5)","background-image":"","background-repeat":"repeat","background-position":"center center","background-size":"auto","background-attachment":"scroll","background-type":"","background-media":"","overlay-type":"","overlay-color":"","overlay-opacity":"","overlay-gradient":""},"tablet":{"background-color":"var(--ast-global-color-5)","background-image":"","background-repeat":"repeat","background-position":"center center","background-size":"auto","background-attachment":"scroll","background-type":"","background-media":"","overlay-type":"","overlay-color":"","overlay-opacity":"","overlay-gradient":""},"mobile":{"background-color":"var(--ast-global-color-5)","background-image":"","background-repeat":"repeat","background-position":"center center","background-size":"auto","background-attachment":"scroll","background-type":"","background-media":"","overlay-type":"","overlay-color":"","overlay-opacity":"","overlay-gradient":""}}},"product_brand":[],"product_cat":[27,300,297],"product_tag":[324,329,325,322,326,323],"class_list":{"0":"post-977","1":"product","2":"type-product","3":"status-publish","4":"has-post-thumbnail","6":"product_cat-store","7":"product_cat-spare-parts","8":"product_cat-domestic-filter","9":"product_tag-324","10":"product_tag-329","11":"product_tag-325","12":"product_tag-322","13":"product_tag-326","14":"product_tag-323","15":"desktop-align-center","16":"tablet-align-center","17":"mobile-align-center","18":"ast-product-gallery-layout-horizontal-slider","19":"ast-product-tabs-layout-horizontal","21":"first","22":"outofstock","23":"taxable","24":"shipping-taxable","25":"purchasable","26":"product-type-simple"},"acf":[],"jetpack_sharing_enabled":true,"_links":{"self":[{"href":"https:\/\/danool.com\/fr\/wp-json\/wp\/v2\/product\/977","targetHints":{"allow":["GET"]}}],"collection":[{"href":"https:\/\/danool.com\/fr\/wp-json\/wp\/v2\/product"}],"about":[{"href":"https:\/\/danool.com\/fr\/wp-json\/wp\/v2\/types\/product"}],"replies":[{"embeddable":true,"href":"https:\/\/danool.com\/fr\/wp-json\/wp\/v2\/comments?post=977"}],"wp:featuredmedia":[{"embeddable":true,"href":"https:\/\/danool.com\/fr\/wp-json\/wp\/v2\/media\/978"}],"wp:attachment":[{"href":"https:\/\/danool.com\/fr\/wp-json\/wp\/v2\/media?parent=977"}],"wp:term":[{"taxonomy":"product_brand","embeddable":true,"href":"https:\/\/danool.com\/fr\/wp-json\/wp\/v2\/product_brand?post=977"},{"taxonomy":"product_cat","embeddable":true,"href":"https:\/\/danool.com\/fr\/wp-json\/wp\/v2\/product_cat?post=977"},{"taxonomy":"product_tag","embeddable":true,"href":"https:\/\/danool.com\/fr\/wp-json\/wp\/v2\/product_tag?post=977"}],"curies":[{"name":"wp","href":"https:\/\/api.w.org\/{rel}","templated":true}]}}