{"id":1051,"date":"2024-12-23T10:53:07","date_gmt":"2024-12-23T10:53:07","guid":{"rendered":"https:\/\/danool.com\/?post_type=product&#038;p=1051"},"modified":"2025-08-16T18:14:38","modified_gmt":"2025-08-16T18:14:38","slug":"gac-egypt","status":"publish","type":"product","link":"https:\/\/danool.com\/tr\/product\/gac-egypt\/","title":{"rendered":"Danool'un ikinci a\u015fama kartu\u015fu - Karbon gran\u00fclleri \u2013 M\u0131s\u0131r'da \u00fcretilmi\u015ftir"},"content":{"rendered":"<h3 style=\"text-align: right;\">(Danool) ikinci a\u015fama kartu\u015fu: Karbon gran\u00fclleri<\/h3>\n<h4 style=\"text-align: right;\">Giri\u015f<\/h4>\n<p style=\"text-align: right;\">\u0130kinci a\u015fama kartu\u015fu, evdeki su ar\u0131tma sistemlerinin en \u00f6nemli bile\u015fenlerinden biridir, \u00e7\u00fcnk\u00fc birinci a\u015famadan sonra su kalitesini iyile\u015ftirir. Bu kartu\u015f, suyun i\u00e7indeki organik kirleticiler, istenmeyen kokular ve klor tad\u0131n\u0131 gidermek i\u00e7in \u00f6zel olarak tasarlanm\u0131\u015f aktif karbon gran\u00fcllerinden yap\u0131lm\u0131\u015ft\u0131r.<br \/>\n\u0130kinci a\u015fama kartu\u015funun ay\u0131rt edici \u00f6zelli\u011fi, \u00fcretilen <strong>M\u0131s\u0131r<\/strong> Y\u00fcksek kalite ve uluslararas\u0131 standartlar\u0131n uygun maliyetle sa\u011flanmas\u0131d\u0131r.<\/p>\n<p style=\"text-align: right;\">Yerel t\u00fcketici i\u00e7in.<\/p>\n<div class=\"flex max-w-full flex-col flex-grow\">\n<div class=\"min-h-8 text-message flex w-full flex-col items-end gap-2 whitespace-normal break-words text-start [.text-message+&amp;]:mt-5\" dir=\"auto\" data-message-author-role=\"assistant\" data-message-id=\"48b82c9c-ed2b-402f-9179-1074a71a28df\" data-message-model-slug=\"gpt-4o\">\n<div class=\"flex w-full flex-col gap-1 empty:hidden first:pt-[3px]\">\n<div class=\"markdown prose w-full break-words dark:prose-invert light\">\n<h3>(Danool) ikinci a\u015fama kartu\u015funun \u00f6zellikleri:<\/h3>\n<ol>\n<li><strong>\u00dcretim malzemeleri: Aktif karbon gran\u00fclleri<\/strong>\n<ul>\n<li>Kartu\u015f, b\u00fcy\u00fck y\u00fczey alan\u0131na sahip aktif karbon i\u00e7erir ve bu, kirleticileri etkin bir \u015fekilde emer.<\/li>\n<li>Bu gran\u00fcller, suda istenmeyen tat ve kokuyu gidermek i\u00e7in kullan\u0131l\u0131r.<\/li>\n<\/ul>\n<\/li>\n<li><strong>Y\u00fcksek performans<\/strong>\n<ul>\n<li>Kloru oran\u0131nda giderme yetene\u011fine sahip.<\/li>\n<li>Organik kirleticileri ve zararl\u0131 kimyasal bile\u015fenleri, \u00f6rne\u011fin tar\u0131m ila\u00e7lar\u0131 ve end\u00fcstriyel kimyasallar\u0131n kal\u0131nt\u0131lar\u0131n\u0131 yok eder.<\/li>\n<\/ul>\n<\/li>\n<li><strong>Pratik tasar\u0131m<\/strong>\n<ul>\n<li>T\u00fcm ev su ar\u0131tma sistemlerine uygundur.<\/li>\n<li>Yap\u0131s\u0131, suyun gran\u00fcller aras\u0131nda e\u015fit bir \u015fekilde da\u011f\u0131lmas\u0131n\u0131 sa\u011flayacak \u015fekilde tasarlanm\u0131\u015ft\u0131r, b\u00f6ylece etkili bir performans garanti edilir.<\/li>\n<\/ul>\n<\/li>\n<li><strong>Uzun \u00f6m\u00fcr<\/strong>\n<ul>\n<li>Su kullan\u0131m\u0131na ve kalitesine ba\u011fl\u0131 olarak 6 ila 12 ay veya daha uzun s\u00fcre dayan\u0131r.<\/li>\n<\/ul>\n<\/li>\n<\/ol>\n<hr \/>\n<h3>(Danool) kartu\u015funda kullan\u0131lan malzemeler: <strong>Aktif karbon gran\u00fclleri<\/strong><\/h3>\n<h4>Karbon gran\u00fcllerinin \u00f6zellikleri:<\/h4>\n<ul>\n<li><strong>Y\u00fcksek emilim<\/strong>Aktif karbon, kirleticiler ve tortular\u0131 emmeye yard\u0131mc\u0131 olan b\u00fcy\u00fck bir y\u00fczey alan\u0131na sahiptir.<\/li>\n<li><strong>Sa\u011fl\u0131k a\u00e7\u0131s\u0131ndan g\u00fcvenli<\/strong>Su ar\u0131t\u0131m\u0131nda kullan\u0131lmak \u00fczere d\u00fcnya \u00e7ap\u0131nda onayl\u0131 malzemelerden yap\u0131lm\u0131\u015ft\u0131r.<\/li>\n<li><strong>\u0130stenmeyen kokular ve tatlar\u0131n giderilmesi<\/strong>Su kalitesini \u00f6nemli \u00f6l\u00e7\u00fcde iyile\u015ftirir, b\u00f6ylece suyu daha saf ve i\u00e7ilebilir hale getirir.<\/li>\n<\/ul>\n<h4>Organik kirleticilere kar\u015f\u0131 diren\u00e7<\/h4>\n<ul>\n<li>Karbon gran\u00fclleri, sa\u011fl\u0131\u011fa zararl\u0131 olabilecek u\u00e7ucu organik bile\u015fenleri filtreler.<\/li>\n<li>Suyu kimyasal tat veya k\u00f6t\u00fc kokulardan ar\u0131nd\u0131r\u0131r.<\/li>\n<\/ul>\n<hr \/>\n<h3>(Danool) ikinci a\u015fama kartu\u015funun \u00f6nemi<\/h3>\n<h4>Su kalitesini iyile\u015ftirme<\/h4>\n<ul>\n<li>Kloru ve kimyasal kal\u0131nt\u0131lar\u0131 giderir, suyun tad\u0131n\u0131 ve kokusunu iyile\u015ftirir.<\/li>\n<\/ul>\n<h4>Sonraki a\u015famalar i\u00e7in korumay\u0131 g\u00fc\u00e7lendirme<\/h4>\n<ul>\n<li>Kimyasal ve organik maddelerin di\u011fer filtreleme a\u015famalar\u0131nda birikmesini azalt\u0131r, b\u00f6ylece \u00f6mr\u00fcn\u00fc uzat\u0131r.<\/li>\n<\/ul>\n<h4>Ev kullan\u0131m\u0131 i\u00e7in uygun<\/h4>\n<ul>\n<li>Saf ve g\u00fcvenli i\u00e7me suyu elde etmek i\u00e7in su ar\u0131tma sistemlerine dayanan evler i\u00e7in ideal bir se\u00e7enektir.<\/li>\n<\/ul>\n<hr \/>\n<h3>Men\u015fei \u00fclke: <strong>M\u0131s\u0131r'da \u00fcretilmi\u015ftir<\/strong><\/h3>\n<ul>\n<li>\u0130kinci a\u015fama kartu\u015fu tamamen ...'da \u00fcretilmi\u015ftir <strong>\u0645\u0635\u0627\u0646\u0639 \u0645\u0635\u0631\u064a\u0629<\/strong> Y\u00fcksek kaliteyi sa\u011flamak i\u00e7in en son teknoloji ve ekipmanlarla.<\/li>\n<li>Yerel ve uluslararas\u0131 standartlarla uyumludur, bu da onu g\u00fcvenli ve \u00e7evre dostu yapar.<\/li>\n<li>M\u0131s\u0131r hammaddeleri ve yerel \u00fcretim kullanarak yerel ekonomiyi desteklemek.<\/li>\n<\/ul>\n<hr \/>\n<h3>\u062a\u062a\u0648\u0627\u0641\u0642 \u0645\u0639 \u0627\u0644\u0645\u0648\u0627\u0635\u0641\u0627\u062a \u0627\u0644\u0642\u064a\u0627\u0633\u064a\u0629 \u0627\u0644\u0645\u062d\u0644\u064a\u0629 \u0648\u0627\u0644\u0639\u0627\u0644\u0645\u064a\u0629\u060c \u0645\u0645\u0627 \u064a\u062c\u0639\u0644\u0647\u0627 \u0622\u0645\u0646\u0629 \u0648\u0635\u062f\u064a\u0642\u0629 \u0644\u0644\u0628\u064a\u0626\u0629.<\/h3>\n<ol>\n<li><strong>Y\u00fcksek kalite<\/strong>\n<ul>\n<li>Aktif karbon pelletleri ile ikinci a\u015fama kartu\u015fu, ...'da \u00fcretilmi\u015ftir.<\/li>\n<\/ul>\n<\/li>\n<li><strong>Ekonomik maliyet<\/strong>\n<ul>\n<li>\u0130thal \u00fcr\u00fcnlerle kar\u015f\u0131la\u015ft\u0131r\u0131ld\u0131\u011f\u0131nda, rekabet\u00e7i bir fiyatla se\u00e7kin bir se\u00e7enek sunar.<\/li>\n<\/ul>\n<\/li>\n<li><strong>Kolay eri\u015filebilirlik<\/strong>\n<ul>\n<li>M\u0131s\u0131r pazarlar\u0131nda yayg\u0131n olarak bulunabilir, yedek par\u00e7alar ve teknik destek kolayca eri\u015filebilir.<\/li>\n<\/ul>\n<\/li>\n<\/ol>\n<hr \/>\n<h3>(Danool) kartu\u015fu nas\u0131l kullan\u0131l\u0131r<\/h3>\n<ol>\n<li>Kullan\u0131m\u0131n\u0131za ve su kalitesine ba\u011fl\u0131 olarak kartu\u015fu her 6-12 ayda bir veya daha uzun s\u00fcreyle de\u011fi\u015ftirin.<\/li>\n<li>S\u0131zd\u0131rmazl\u0131k i\u00e7in do\u011fru \u015fekilde kuruldu\u011fundan ve en iyi performans\u0131 sa\u011flad\u0131\u011f\u0131ndan emin olun.<\/li>\n<li>En iyi sonu\u00e7lar\u0131 elde etmek i\u00e7in di\u011fer filtreleme a\u015famalar\u0131yla birlikte kullan\u0131n.<\/li>\n<\/ol>\n<hr \/>\n<h3>\u00c7evre dostu.<\/h3>\n<ul>\n<li>Kartu\u015fta kullan\u0131lan karbon geri d\u00f6n\u00fc\u015ft\u00fcr\u00fclebilir, bu da \u00e7evresel etkileri azaltmaya yard\u0131mc\u0131 olur.<\/li>\n<li>Yerel \u00fcretim, \u00fcr\u00fcn ithalat\u0131 ile ili\u015fkilendirilen karbon ayak izini azalt\u0131r.<\/li>\n<\/ul>\n<hr \/>\n<h3>Sonu\u00e7<\/h3>\n<p>Kartu\u015f, etkinli\u011fi ve kalitesini sa\u011flamak i\u00e7in \u00fcretim a\u015famalar\u0131nda test edilir. <strong>M\u0131s\u0131r<\/strong> Bu, su ar\u0131tma ve su kalitesini iyile\u015ftirme i\u00e7in en iyi se\u00e7eneklerden biridir. Bu kartu\u015f, rekabet\u00e7i bir fiyatla y\u00fcksek performans sunarak her M\u0131s\u0131r evi i\u00e7in m\u00fckemmel bir \u00e7\u00f6z\u00fcm haline gelir. Yerel kalite ve m\u00fckemmel teknik destek ile temiz ve sa\u011fl\u0131kl\u0131 su elde etmek i\u00e7in ideal tercihinizdir.<\/p>\n<\/div>\n<\/div>\n<\/div>\n<\/div>\n<div class=\"mb-2 flex gap-3 empty:hidden -ml-2\">\n<div class=\"items-center justify-start rounded-xl p-1 flex\">\n<div class=\"flex items-center\"><\/div>\n<\/div>\n<\/div>\n<hr \/>","protected":false},"excerpt":{"rendered":"<p>\u0130kinci a\u015fama kartu\u015fu\u00a0<strong> Danool<\/strong>\u00a0 M\u0131s\u0131r'da \u00fcretilen bu kartu\u015f, klor, kokular ve istenmeyen tatlar\u0131 gidermek i\u00e7in aktif karbon gran\u00fcllerine dayan\u0131r, suyun kalitesini iyile\u015ftirir ve organik kirleticilerden ar\u0131nd\u0131r\u0131r. Y\u00fcksek kalite, uzun \u00f6m\u00fcr ve ekonomik maliyetle \u00f6ne \u00e7\u0131karak ev kullan\u0131m\u0131 i\u00e7in ideal hale gelir. Yerel \u00fcretim, kolay eri\u015filebilirlik ve hem t\u00fcketiciyi hem de toptanc\u0131lar\u0131n\u0131 tatmin eden bir fiyat sa\u011flar.<\/p>","protected":false},"featured_media":1056,"comment_status":"open","ping_status":"closed","template":"","meta":{"_acf_changed":false,"site-sidebar-layout":"default","site-content-layout":"","ast-site-content-layout":"default","site-content-style":"default","site-sidebar-style":"default","ast-global-header-display":"","ast-banner-title-visibility":"","ast-main-header-display":"","ast-hfb-above-header-display":"","ast-hfb-below-header-display":"","ast-hfb-mobile-header-display":"","site-post-title":"","ast-breadcrumbs-content":"","ast-featured-img":"","footer-sml-layout":"","theme-transparent-header-meta":"default","adv-header-id-meta":"","stick-header-meta":"default","header-above-stick-meta":"","header-main-stick-meta":"","header-below-stick-meta":"","astra-migrate-meta-layouts":"set","ast-page-background-enabled":"default","ast-page-background-meta":{"desktop":{"background-color":"var(--ast-global-color-4)","background-image":"","background-repeat":"repeat","background-position":"center center","background-size":"auto","background-attachment":"scroll","background-type":"","background-media":"","overlay-type":"","overlay-color":"","overlay-opacity":"","overlay-gradient":""},"tablet":{"background-color":"","background-image":"","background-repeat":"repeat","background-position":"center center","background-size":"auto","background-attachment":"scroll","background-type":"","background-media":"","overlay-type":"","overlay-color":"","overlay-opacity":"","overlay-gradient":""},"mobile":{"background-color":"","background-image":"","background-repeat":"repeat","background-position":"center center","background-size":"auto","background-attachment":"scroll","background-type":"","background-media":"","overlay-type":"","overlay-color":"","overlay-opacity":"","overlay-gradient":""}},"ast-content-background-meta":{"desktop":{"background-color":"var(--ast-global-color-5)","background-image":"","background-repeat":"repeat","background-position":"center center","background-size":"auto","background-attachment":"scroll","background-type":"","background-media":"","overlay-type":"","overlay-color":"","overlay-opacity":"","overlay-gradient":""},"tablet":{"background-color":"var(--ast-global-color-5)","background-image":"","background-repeat":"repeat","background-position":"center center","background-size":"auto","background-attachment":"scroll","background-type":"","background-media":"","overlay-type":"","overlay-color":"","overlay-opacity":"","overlay-gradient":""},"mobile":{"background-color":"var(--ast-global-color-5)","background-image":"","background-repeat":"repeat","background-position":"center center","background-size":"auto","background-attachment":"scroll","background-type":"","background-media":"","overlay-type":"","overlay-color":"","overlay-opacity":"","overlay-gradient":""}}},"product_brand":[],"product_cat":[27,300],"product_tag":[328,329,325,327,330],"class_list":{"0":"post-1051","1":"product","2":"type-product","3":"status-publish","4":"has-post-thumbnail","6":"product_cat-store","7":"product_cat-spare-parts","8":"product_tag-328","9":"product_tag-329","10":"product_tag-325","11":"product_tag-327","12":"product_tag-330","13":"desktop-align-center","14":"tablet-align-center","15":"mobile-align-center","16":"ast-product-gallery-layout-horizontal-slider","17":"ast-product-tabs-layout-horizontal","19":"first","20":"outofstock","21":"sale","22":"taxable","23":"shipping-taxable","24":"purchasable","25":"product-type-simple"},"acf":[],"jetpack_sharing_enabled":true,"_links":{"self":[{"href":"https:\/\/danool.com\/tr\/wp-json\/wp\/v2\/product\/1051","targetHints":{"allow":["GET"]}}],"collection":[{"href":"https:\/\/danool.com\/tr\/wp-json\/wp\/v2\/product"}],"about":[{"href":"https:\/\/danool.com\/tr\/wp-json\/wp\/v2\/types\/product"}],"replies":[{"embeddable":true,"href":"https:\/\/danool.com\/tr\/wp-json\/wp\/v2\/comments?post=1051"}],"wp:featuredmedia":[{"embeddable":true,"href":"https:\/\/danool.com\/tr\/wp-json\/wp\/v2\/media\/1056"}],"wp:attachment":[{"href":"https:\/\/danool.com\/tr\/wp-json\/wp\/v2\/media?parent=1051"}],"wp:term":[{"taxonomy":"product_brand","embeddable":true,"href":"https:\/\/danool.com\/tr\/wp-json\/wp\/v2\/product_brand?post=1051"},{"taxonomy":"product_cat","embeddable":true,"href":"https:\/\/danool.com\/tr\/wp-json\/wp\/v2\/product_cat?post=1051"},{"taxonomy":"product_tag","embeddable":true,"href":"https:\/\/danool.com\/tr\/wp-json\/wp\/v2\/product_tag?post=1051"}],"curies":[{"name":"wp","href":"https:\/\/api.w.org\/{rel}","templated":true}]}}