{"id":1062,"date":"2024-12-23T10:56:08","date_gmt":"2024-12-23T10:56:08","guid":{"rendered":"https:\/\/danool.com\/?post_type=product&#038;p=1062"},"modified":"2025-08-16T18:14:27","modified_gmt":"2025-08-16T18:14:27","slug":"cto-egypt","status":"publish","type":"product","link":"https:\/\/danool.com\/tr\/product\/cto-egypt\/","title":{"rendered":"Danool'un \u00fc\u00e7\u00fcnc\u00fc a\u015fama kat\u0131 karbon kartu\u015fu \u2013 M\u0131s\u0131r'da \u00fcretilmi\u015ftir"},"content":{"rendered":"<div class=\"flex max-w-full flex-col flex-grow\">\n<div class=\"min-h-8 text-message flex w-full flex-col items-end gap-2 whitespace-normal break-words text-start [.text-message+&amp;]:mt-5\" dir=\"auto\" data-message-author-role=\"assistant\" data-message-id=\"63a2eb2e-6025-4f32-98ee-e64cbf0382e4\" data-message-model-slug=\"gpt-4o-mini\">\n<div class=\"flex w-full flex-col gap-1 empty:hidden first:pt-[3px]\">\n<div class=\"markdown prose w-full break-words dark:prose-invert light\">\n<h3>\u00dc\u00e7\u00fcnc\u00fc a\u015fama kartu\u015fu: (Danool) karbon blok<\/h3>\n<h4>Giri\u015f<\/h4>\n<p>Su ar\u0131tma sistemlerinde \u00fc\u00e7\u00fcnc\u00fc a\u015fama kartu\u015fu, evsel suyun en y\u00fcksek safl\u0131k ve kalitesine ula\u015fmada hayati bir bile\u015fendir. Bu a\u015famada, geli\u015fmi\u015f filtreleme teknikleri, kalan safs\u0131zl\u0131klar\u0131 gidererek genel su kalitesini iyile\u015ftirmek i\u00e7in bir arada \u00e7al\u0131\u015f\u0131r. ...'dan gelen karbon blok kartu\u015fu <strong>Danool<\/strong> Bu a\u015fama i\u00e7in ideal bir se\u00e7enektir, \u00e7\u00fcnk\u00fc kimyasallar\u0131, organik bile\u015fenleri ve istenmeyen kokular\u0131 y\u00fcksek verimlilikle giderir.<br \/>\nBu kartu\u015f tamamen ...'da \u00fcretilmi\u015ftir <strong>M\u0131s\u0131r<\/strong>Bu, yerel pazar ihtiya\u00e7lar\u0131yla uyumlu olmas\u0131n\u0131 sa\u011flar ve rekabet\u00e7i fiyatlarla ev kullan\u0131m\u0131 i\u00e7in y\u00fcksek kaliteyi yans\u0131t\u0131r.<\/p>\n<hr \/>\n<h3>\u00dc\u00e7\u00fcnc\u00fc a\u015fama kartu\u015funun \u00f6zellikleri: (Danool) karbon blok<\/h3>\n<ol>\n<li><strong>Ana bile\u015fen: Karbon blok<\/strong>\n<ul>\n<li>\u00dc\u00e7\u00fcnc\u00fc a\u015fama kartu\u015fu, ... malzemesine dayan\u0131r <strong>Karbon blok<\/strong> Geni\u015f y\u00fczey alan\u0131 ve pestisit kal\u0131nt\u0131lar\u0131, klor ve di\u011fer organik bile\u015fikler gibi kimyasal kirleticileri emme konusundaki y\u00fcksek kapasitesi ile \u00f6ne \u00e7\u0131kar.<\/li>\n<li>Karbon blok, suyun tad\u0131n\u0131 ve kokusunu belirgin \u015fekilde iyile\u015ftirerek daha saf ve insan t\u00fcketimine uygun hale getirir.<\/li>\n<\/ul>\n<\/li>\n<li><strong>Kirlilikleri giderme yetene\u011fi<\/strong>\n<ul>\n<li>Bu kartu\u015ftaki karbon blok, su kalitesini etkileyebilecek organik maddeleri etkili bir \u015fekilde giderir.<\/li>\n<li>\u0130stenmeyen kimyasallar\u0131 etkili bir \u015fekilde ar\u0131tarak daha g\u00fcvenli ve sa\u011fl\u0131kl\u0131 su sa\u011flar.<\/li>\n<\/ul>\n<\/li>\n<li><strong>Dayan\u0131kl\u0131 tasar\u0131m<\/strong>\n<ul>\n<li>Kartu\u015f, suyun e\u015fit bir \u015fekilde ge\u00e7mesini sa\u011flamak i\u00e7in \u00f6zel olarak tasarlanm\u0131\u015f olup, kartu\u015fun i\u00e7indeki karbona m\u00fckemmel bir da\u011f\u0131l\u0131m sa\u011flayarak en y\u00fcksek filtreleme seviyelerini elde etmeye olanak tan\u0131r.<\/li>\n<li>Y\u00fcksek kaliteli malzemeler kullan\u0131larak \u00fcretilir, b\u00f6ylece verimlilik ve uzun vadeli dayan\u0131kl\u0131l\u0131k sa\u011flan\u0131r.<\/li>\n<\/ul>\n<\/li>\n<li><strong>Kokular\u0131 giderme etkinli\u011fi<\/strong>\n<ul>\n<li>Karbon blok, sudaki istenmeyen kokular\u0131 etkili bir \u015fekilde gidererek suyun kalitesini art\u0131r\u0131r ve onu i\u00e7mek ve g\u00fcnl\u00fck kullan\u0131m i\u00e7in uygun hale getirir.<\/li>\n<\/ul>\n<\/li>\n<\/ol>\n<hr \/>\n<h3>(Danool) \u00fc\u00e7\u00fcnc\u00fc a\u015fama kartu\u015funun \u00fcretiminde kullan\u0131lan malzemeler<\/h3>\n<h4>Karbon blok<\/h4>\n<p>Karbon blok, bu kartu\u015fun \u00fcretiminde kullan\u0131lan ana malzemedir ve su ar\u0131t\u0131m\u0131 i\u00e7in ideal olmas\u0131n\u0131 sa\u011flayan bir\u00e7ok \u00f6zelli\u011fe sahiptir:<\/p>\n<ul>\n<li><strong>\u00dcst\u00fcn emilim<\/strong>Tel \u00f6rg\u00fc karbon, zararl\u0131 kimyasallar\u0131 ve kirleticileri emme konusundaki b\u00fcy\u00fck yetene\u011fi ile \u00f6ne \u00e7\u0131kar.<\/li>\n<li><strong>Sa\u011fl\u0131k a\u00e7\u0131s\u0131ndan g\u00fcvenli<\/strong>Tamamen g\u00fcvenli ve toksik olmayan bir malzemedir, bu da onu su ar\u0131t\u0131m\u0131nda kullanmak i\u00e7in ideal bir se\u00e7enek yapar.<\/li>\n<li><strong>Su kalitesini iyile\u015ftirme<\/strong>Toksik bile\u015fenleri ve istenmeyen kokular\u0131 gidererek, suyun tad\u0131n\u0131 \u00f6nemli \u00f6l\u00e7\u00fcde iyile\u015ftirir.<\/li>\n<\/ul>\n<h4>\u00dcretim s\u00fcreci<\/h4>\n<p>Kat\u0131 karbon filtre kartu\u015fu ... taraf\u0131ndan \u00fcretilmi\u015ftir <strong>Danool<\/strong> Y\u00fcksek kaliteli teknolojiler kullanarak ve pazarda mevcut en iyi hammaddeleri kullanmaya \u00f6zen g\u00f6stererek. Yerel olarak \u00fcretilmi\u015ftir <strong>M\u0131s\u0131r<\/strong> Su ar\u0131tma alan\u0131ndaki en son k\u00fcresel standartlara uyumu sa\u011flar, bu da yerel ihtiya\u00e7larla uyumlu olmas\u0131n\u0131 sa\u011flar.<\/p>\n<hr \/>\n<h3>Danol'un \u00fc\u00e7\u00fcnc\u00fc a\u015fama kartu\u015funun \u00f6nemi<\/h3>\n<h3><\/h3>\n<h3><\/h3>\n<h4>Su kalitesini iyile\u015ftirme<\/h4>\n<ul>\n<li>Karbon blok kartu\u015f, zararl\u0131 kimyasallar\u0131 gidererek suyu daha saf ve t\u00fcketim i\u00e7in daha sa\u011fl\u0131kl\u0131 hale getirir.<\/li>\n<li>Ayr\u0131ca suyun genel tad\u0131n\u0131 etkileyebilecek kokular\u0131 ve organik maddeleri de giderir.<\/li>\n<\/ul>\n<h4>Filtre verimlili\u011fini art\u0131rma:<\/h4>\n<ul>\n<li>\u00dc\u00e7\u00fcnc\u00fc a\u015fama kartu\u015fu, \u00f6nceki filtreleme a\u015famalar\u0131ndan sonra kalan ince kirleticileri gidererek filtreleme sistemlerinin genel verimlili\u011fini art\u0131rmaya yard\u0131mc\u0131 olur.<\/li>\n<li>Di\u011fer a\u015famalar\u0131n t\u0131kanmas\u0131n\u0131 veya kirlenmesini \u00f6nleyerek di\u011fer filtrelerin \u00f6mr\u00fcn\u00fc uzat\u0131r.<\/li>\n<\/ul>\n<h4>Maliyetlerin azalt\u0131lmas\u0131:<\/h4>\n<ul>\n<li>Zararl\u0131 kimyasallar\u0131 etkili bir \u015fekilde \u00e7\u0131karan bir kartu\u015f kullanarak filtrelerin d\u00fczenli bak\u0131m ihtiyac\u0131 azal\u0131r ve bu da uzun vadede maliyetlerin d\u00fc\u015fmesine yard\u0131mc\u0131 olur.<\/li>\n<\/ul>\n<hr \/>\n<h3>Men\u015fei \u00fclke: <strong>M\u0131s\u0131r'da \u00fcretilmi\u015ftir<\/strong><\/h3>\n<p>Kat\u0131 karbon filtre kartu\u015fu ... taraf\u0131ndan \u00fcretilmi\u015ftir <strong>Danool<\/strong> \u0130\u00e7inde <strong>M\u0131s\u0131r<\/strong> Yerel ve uluslararas\u0131 en iyi hammaddeler kullan\u0131larak, hem yerel hem de uluslararas\u0131 standartlara uygunlu\u011fu sa\u011flanm\u0131\u015ft\u0131r.<br \/>\nBu kartu\u015f, y\u00fcksek kalitesini sa\u011flamak i\u00e7in \u00fcretim s\u00fcrecinde s\u0131k\u0131 kalite kontrol\u00fcnden ge\u00e7mi\u015ftir. M\u0131s\u0131r'da \u00fcretilmesi, yerel ekonomiye destek sa\u011flarken, ithal \u00fcr\u00fcnlere k\u0131yasla rekabet\u00e7i fiyatlarla y\u00fcksek kaliteli bir \u00fcr\u00fcn sunar.<\/p>\n<hr \/>\n<h3>(M\u0131s\u0131r'da Danool taraf\u0131ndan \u00fcretilen) kat\u0131 karbon kartu\u015funun avantajlar\u0131<\/h3>\n<ol>\n<li><strong>Y\u00fcksek kalite<\/strong>\n<ul>\n<li>Aktif karbon pelletleri ile ikinci a\u015fama kartu\u015fu, ...'da \u00fcretilmi\u015ftir.<\/li>\n<li>Kullan\u0131lan hammaddeler, \u00fcst\u00fcn ve uzun \u00f6m\u00fcrl\u00fc bir performans sa\u011flar.<\/li>\n<\/ul>\n<\/li>\n<li><strong>Ekonomik maliyet<\/strong>\n<ul>\n<li>Danol kat\u0131 karbon kartu\u015fu, ithal \u00fcr\u00fcnlerle kar\u015f\u0131la\u015ft\u0131r\u0131ld\u0131\u011f\u0131nda uygun fiyatlarla sunulmakta olup, M\u0131s\u0131r pazar\u0131 i\u00e7in m\u00fckemmel bir se\u00e7enek olu\u015fturur.<\/li>\n<\/ul>\n<\/li>\n<li><strong>Kolay eri\u015filebilirlik ve yerel destek<\/strong>\n<ul>\n<li>Bu kartu\u015f, M\u0131s\u0131r pazarlar\u0131nda kolayca bulunabilir.<\/li>\n<li>Teknik destek ve yedek par\u00e7alar kolayca temin edilebilir, bu da bak\u0131m ve de\u011fi\u015ftirmeyi gerekti\u011finde kolayla\u015ft\u0131r\u0131r.<\/li>\n<\/ul>\n<\/li>\n<li><strong>\u00c7evre dostu.<\/strong>\n<ul>\n<li>Kat\u0131 karbon geri d\u00f6n\u00fc\u015ft\u00fcr\u00fclebilir, bu da \u00e7evresel etkileri azaltmaya ve \u00e7evresel s\u00fcrd\u00fcr\u00fclebilirli\u011fi korumaya katk\u0131 sa\u011flar.<\/li>\n<\/ul>\n<\/li>\n<\/ol>\n<hr \/>\n<h3>Nas\u0131l kullan\u0131l\u0131r<\/h3>\n<ol>\n<li>Nas\u0131l kullan\u0131l\u0131r<\/li>\n<li>\u00dc\u00e7\u00fcnc\u00fc a\u015fama kartu\u015funu, su kirlili\u011fi seviyesi ve filtre verimlili\u011fine ba\u011fl\u0131 olarak her 6 ila 12 ayda bir de\u011fi\u015ftirin.<\/li>\n<li>Filtrenin d\u00fczenli bak\u0131m\u0131n\u0131 yaparak, kartu\u015fun her zaman etkinli\u011fini garantileyin.<\/li>\n<\/ol>\n<hr \/>\n<h3>Sonu\u00e7<\/h3>\n<p>Kat\u0131 karbon kartu\u015fu, <strong>Danool<\/strong> \u00dcretildi\u011fi yer <strong>M\u0131s\u0131r<\/strong> Ev suyu kalitesini iyile\u015ftirmek i\u00e7in m\u00fckemmel bir \u00e7\u00f6z\u00fcmd\u00fcr. Kimyasal bile\u015fiklerin, kokular\u0131n ve kirleticilerin giderilme yetene\u011fi sayesinde g\u00fcnl\u00fck kullan\u0131m i\u00e7in temiz ve g\u00fcvenli su sa\u011flar. Ayr\u0131ca y\u00fcksek kalitesi, makul maliyeti ve yerel pazarda kolayca bulunabilirli\u011fi ile \u00f6ne \u00e7\u0131kar, bu da onu M\u0131s\u0131rl\u0131 t\u00fcketiciler i\u00e7in ideal bir se\u00e7im yapar.<\/p>\n<\/div>\n<\/div>\n<\/div>\n<\/div>\n<div class=\"flex items-center\"><\/div>\n<div><\/div>","protected":false},"excerpt":{"rendered":"<p>Su filtrelerinin \u00fc\u00e7\u00fcnc\u00fc a\u015fama kartu\u015fu, ...'dan yap\u0131lm\u0131\u015f karbon bloktan <strong>Danool<\/strong> \u0130\u00e7inde <strong>M\u0131s\u0131r<\/strong>Kimyasal bile\u015fenleri, kokular\u0131 ve organik kirleticileri gidererek su kalitesini iyile\u015ftirir. Su ar\u0131tma konusunda y\u00fcksek verimlili\u011fe sahiptir ve uygun fiyatlarla temiz ve i\u00e7ilebilir su sa\u011flar. Yerel \u00fcretim, yerel standartlara uyumunu sa\u011flar ve s\u00fcrekli teknik destek ve bak\u0131m sunar.<\/p>","protected":false},"featured_media":1054,"comment_status":"open","ping_status":"closed","template":"","meta":{"_acf_changed":false,"site-sidebar-layout":"default","site-content-layout":"","ast-site-content-layout":"default","site-content-style":"default","site-sidebar-style":"default","ast-global-header-display":"","ast-banner-title-visibility":"","ast-main-header-display":"","ast-hfb-above-header-display":"","ast-hfb-below-header-display":"","ast-hfb-mobile-header-display":"","site-post-title":"","ast-breadcrumbs-content":"","ast-featured-img":"","footer-sml-layout":"","theme-transparent-header-meta":"default","adv-header-id-meta":"","stick-header-meta":"default","header-above-stick-meta":"","header-main-stick-meta":"","header-below-stick-meta":"","astra-migrate-meta-layouts":"set","ast-page-background-enabled":"default","ast-page-background-meta":{"desktop":{"background-color":"var(--ast-global-color-4)","background-image":"","background-repeat":"repeat","background-position":"center center","background-size":"auto","background-attachment":"scroll","background-type":"","background-media":"","overlay-type":"","overlay-color":"","overlay-opacity":"","overlay-gradient":""},"tablet":{"background-color":"","background-image":"","background-repeat":"repeat","background-position":"center center","background-size":"auto","background-attachment":"scroll","background-type":"","background-media":"","overlay-type":"","overlay-color":"","overlay-opacity":"","overlay-gradient":""},"mobile":{"background-color":"","background-image":"","background-repeat":"repeat","background-position":"center center","background-size":"auto","background-attachment":"scroll","background-type":"","background-media":"","overlay-type":"","overlay-color":"","overlay-opacity":"","overlay-gradient":""}},"ast-content-background-meta":{"desktop":{"background-color":"var(--ast-global-color-5)","background-image":"","background-repeat":"repeat","background-position":"center center","background-size":"auto","background-attachment":"scroll","background-type":"","background-media":"","overlay-type":"","overlay-color":"","overlay-opacity":"","overlay-gradient":""},"tablet":{"background-color":"var(--ast-global-color-5)","background-image":"","background-repeat":"repeat","background-position":"center center","background-size":"auto","background-attachment":"scroll","background-type":"","background-media":"","overlay-type":"","overlay-color":"","overlay-opacity":"","overlay-gradient":""},"mobile":{"background-color":"var(--ast-global-color-5)","background-image":"","background-repeat":"repeat","background-position":"center center","background-size":"auto","background-attachment":"scroll","background-type":"","background-media":"","overlay-type":"","overlay-color":"","overlay-opacity":"","overlay-gradient":""}}},"product_brand":[],"product_cat":[27,300],"product_tag":[332,329,331,334,333],"class_list":{"0":"post-1062","1":"product","2":"type-product","3":"status-publish","4":"has-post-thumbnail","6":"product_cat-store","7":"product_cat-spare-parts","8":"product_tag-332","9":"product_tag-329","10":"product_tag-331","11":"product_tag-334","12":"product_tag-333","13":"desktop-align-center","14":"tablet-align-center","15":"mobile-align-center","16":"ast-product-gallery-layout-horizontal-slider","17":"ast-product-tabs-layout-horizontal","19":"first","20":"outofstock","21":"sale","22":"taxable","23":"shipping-taxable","24":"purchasable","25":"product-type-simple"},"acf":[],"jetpack_sharing_enabled":true,"_links":{"self":[{"href":"https:\/\/danool.com\/tr\/wp-json\/wp\/v2\/product\/1062","targetHints":{"allow":["GET"]}}],"collection":[{"href":"https:\/\/danool.com\/tr\/wp-json\/wp\/v2\/product"}],"about":[{"href":"https:\/\/danool.com\/tr\/wp-json\/wp\/v2\/types\/product"}],"replies":[{"embeddable":true,"href":"https:\/\/danool.com\/tr\/wp-json\/wp\/v2\/comments?post=1062"}],"wp:featuredmedia":[{"embeddable":true,"href":"https:\/\/danool.com\/tr\/wp-json\/wp\/v2\/media\/1054"}],"wp:attachment":[{"href":"https:\/\/danool.com\/tr\/wp-json\/wp\/v2\/media?parent=1062"}],"wp:term":[{"taxonomy":"product_brand","embeddable":true,"href":"https:\/\/danool.com\/tr\/wp-json\/wp\/v2\/product_brand?post=1062"},{"taxonomy":"product_cat","embeddable":true,"href":"https:\/\/danool.com\/tr\/wp-json\/wp\/v2\/product_cat?post=1062"},{"taxonomy":"product_tag","embeddable":true,"href":"https:\/\/danool.com\/tr\/wp-json\/wp\/v2\/product_tag?post=1062"}],"curies":[{"name":"wp","href":"https:\/\/api.w.org\/{rel}","templated":true}]}}