{"id":1063,"date":"2024-12-23T10:59:51","date_gmt":"2024-12-23T10:59:51","guid":{"rendered":"https:\/\/danool.com\/?post_type=product&#038;p=1063"},"modified":"2025-12-26T05:38:04","modified_gmt":"2025-12-26T05:38:04","slug":"gac-taiwan","status":"publish","type":"product","link":"https:\/\/danool.com\/tr\/product\/gac-taiwan\/","title":{"rendered":"Danool'un ikinci a\u015fama karbon gran\u00fclleri kartu\u015fu \u2013 Tayvan'da \u00fcretilmi\u015ftir"},"content":{"rendered":"<div class=\"flex max-w-full flex-col flex-grow\">\n<div class=\"min-h-8 text-message flex w-full flex-col items-end gap-2 whitespace-normal break-words text-start [.text-message+&amp;]:mt-5\" dir=\"auto\" data-message-author-role=\"assistant\" data-message-id=\"3074677e-7da8-4011-96a4-5cd3e4ccb950\" data-message-model-slug=\"gpt-4o-mini\">\n<div class=\"flex w-full flex-col gap-1 empty:hidden first:pt-[3px]\">\n<div class=\"markdown prose w-full break-words dark:prose-invert light\">\n<p><strong>\u0130kinci a\u015fama filtresi: Danool'den karbon gran\u00fclleri<\/strong><\/p>\n<p><strong>Giri\u015f<\/strong><\/p>\n<p>Su filtrelerinin ikinci a\u015fama mum filtresi, evsel su kalitesini art\u0131rmak i\u00e7in temel bir bile\u015fendir. Bu mum, birinci a\u015fama filtrasyondan sonra kullan\u0131l\u0131r ve suyu daha ayr\u0131nt\u0131l\u0131 bir \u015fekilde filtreleyerek kimyasal kirleticileri, organik bile\u015fikleri ve istenmeyen kokular\u0131 giderir. Karbon gran\u00fcl filtresi <strong>Danool<\/strong>, yap\u0131lm\u0131\u015f olan <strong>Tayvan<\/strong>Bu a\u015famada \u00fcst\u00fcn performans sunarak temiz, berrak ve insan t\u00fcketimine uygun su sa\u011flar. Bu kartu\u015f, geli\u015fmi\u015f teknolojiyi ve \u00fcretim kalitesini bir araya getirerek bir\u00e7ok ev tipi su filtresi kullan\u0131c\u0131s\u0131 i\u00e7in ideal bir se\u00e7imdir.<\/p>\n<p><strong>\u0130kinci a\u015fama filtresinin \u00f6zellikleri: Danol'den karbon gran\u00fclleri<\/strong><\/p>\n<ol>\n<li><strong>Ana bile\u015fim: Karbon gran\u00fclleri<\/strong><br \/>\n\u0130kinci a\u015fama filtresi \u015funa dayan\u0131r: <strong>Aktif karbon gran\u00fclleri<\/strong> Bu, su filtrelemede en etkili malzemelerden biridir. Bu gran\u00fcller, klor, pestisitler, toksinler ve istenmeyen bile\u015fikler gibi kimyasal ve organik kirleticileri emme konusundaki y\u00fcksek yetenekleriyle \u00f6ne \u00e7\u0131kar.<\/p>\n<ul>\n<li><strong>Suyun tad\u0131 ve kokusunun iyile\u015ftirilmesi<\/strong>Karbon gran\u00fclleri, suyun tad\u0131n\u0131 iyile\u015ftirir ve garip veya istenmeyen kokular\u0131 azalt\u0131r, b\u00f6ylece suyu daha saf ve i\u00e7ilebilir hale getirir.<\/li>\n<\/ul>\n<\/li>\n<li><strong>Kirlilikleri giderme yetene\u011fi<\/strong><br \/>\nKarbon gran\u00fclleri, zararl\u0131 kimyasallar\u0131, safs\u0131zl\u0131klar\u0131 ve di\u011fer kirleticileri etkili bir \u015fekilde emer. Bu filtre, suyu derinlemesine filtrelemeye yard\u0131mc\u0131 olarak temiz ve zararl\u0131 kirleticilerden ar\u0131nm\u0131\u015f g\u00fcvenli su sa\u011flar.<\/li>\n<li><strong>Dayan\u0131kl\u0131 tasar\u0131m<\/strong><br \/>\nDanol'un karbon gran\u00fcl filtresi, suyun filtre boyunca e\u015fit \u015fekilde akmas\u0131n\u0131 sa\u011flayacak \u015fekilde tasarlanm\u0131\u015ft\u0131r, bu da karbonun filtre i\u00e7inde optimum da\u011f\u0131l\u0131m\u0131n\u0131 ve maksimum filtreleme verimlili\u011fini garanti eder. \u00dcretimde kullan\u0131lan malzemeler, y\u00fcksek kalite ve verimlilik sa\u011flayarak uzun \u00f6m\u00fcrl\u00fc performans sunar.<\/li>\n<li><strong>Kokular\u0131 giderme etkinli\u011fi<\/strong><br \/>\nKarbon gran\u00fcllerinin en dikkat \u00e7ekici \u00f6zelliklerinden biri, sudaki istenmeyen kokular\u0131 gidermedeki \u00fcst\u00fcn yetene\u011fidir. Bu filtre, genel su kalitesini iyile\u015ftirerek suyu daha saf ve i\u00e7ilebilir hale getirir.<\/li>\n<\/ol>\n<p><strong>Danool'un ikinci a\u015fama filtresi \u00fcretiminde kullan\u0131lan malzemeler<br \/>\n<\/strong><\/p>\n<ul>\n<li><strong>Aktif karbon gran\u00fclleri<\/strong>:<br \/>\nAktif karbon, su ar\u0131t\u0131m\u0131nda en etkili malzemelerden biridir ve zararl\u0131 kimyasallar\u0131 ve safs\u0131zl\u0131klar\u0131 emme konusundaki y\u00fcksek kapasitesi ile tan\u0131n\u0131r. Aktif karbonun bir\u00e7ok faydal\u0131 \u00f6zelli\u011fi vard\u0131r, bunlar aras\u0131nda:<\/p>\n<ul>\n<li><strong>Y\u00fcksek emilim<\/strong>: Zehirli bile\u015fikler ve kirleticileri emme konusunda ola\u011fan\u00fcst\u00fc bir yetenek.<\/li>\n<li><strong>Sa\u011fl\u0131k g\u00fcvenli\u011fi<\/strong>: Karbon, tamamen g\u00fcvenli ve toksik olmayan bir madde olup, su ar\u0131t\u0131m\u0131nda kullan\u0131lmak i\u00e7in ideal bir se\u00e7imdir.<\/li>\n<li><strong>Su kalitesini iyile\u015ftirme<\/strong>: Karbon, toksik maddeleri uzakla\u015ft\u0131rarak suyun tad\u0131n\u0131 iyile\u015ftirir, b\u00f6ylece suyu daha sa\u011fl\u0131kl\u0131 hale getirir ve t\u00fcketim i\u00e7in uygun hale getirir.<\/li>\n<\/ul>\n<\/li>\n<\/ul>\n<p><strong>\u00dcretim s\u00fcreci<\/strong><\/p>\n<p>Karbon gran\u00fcll\u00fc filtre, ... malzemeden \u00fcretilmi\u015ftir <strong>Danool<\/strong> \u0130\u00e7inde <strong>Tayvan<\/strong> D\u00fcnyan\u0131n en son \u00fcretim teknolojilerini kullanarak, hammaddeler dikkatle se\u00e7ilir ve filtrenin en y\u00fcksek verimlilik ve etkililik d\u00fczeylerine sahip olmas\u0131n\u0131 sa\u011flar. \u00dcretimi yap\u0131lmaktad\u0131r <strong>Tayvan<\/strong> Bu, bu filtrenin su ar\u0131tma alan\u0131ndaki uluslararas\u0131 standartlara uygun oldu\u011funu garanti eder, b\u00f6ylece her yerde evde kullan\u0131m i\u00e7in uygun hale gelir.<\/p>\n<p><strong>(Danool) ikinci a\u015fama kartu\u015funun \u00f6nemi<br \/>\n<\/strong><\/p>\n<ol>\n<li><strong>Su kalitesini iyile\u015ftirme<\/strong><br \/>\nKarbon gran\u00fcll\u00fc filtre, ilk a\u015famadan kalan zararl\u0131 kimyasallar\u0131 ve safs\u0131zl\u0131klar\u0131 uzakla\u015ft\u0131rarak su kalitesini iyile\u015ftirmeye ve t\u00fcketim i\u00e7in daha g\u00fcvenli ve sa\u011fl\u0131kl\u0131 hale getirmeye yard\u0131mc\u0131 olur.<\/li>\n<li><strong>Filtre verimlili\u011fini art\u0131rma<\/strong><br \/>\nBu filtre, di\u011fer filtrasyon a\u015famalar\u0131ndan sonra kalan ince kirleticileri kald\u0131rarak sistemin genel performans\u0131n\u0131 art\u0131r\u0131r. Bu, sonraki a\u015famalardaki y\u00fck\u00fc azalt\u0131r ve bunlar\u0131 t\u0131kanma veya erken hasardan korur.<\/li>\n<li><strong>\u062a\u0642\u0644\u064a\u0644 \u0627\u0644\u062a\u0643\u0627\u0644\u064a\u0641<\/strong><br \/>\nZararl\u0131 maddeleri kald\u0131rmadaki etkinli\u011fi sayesinde, karbon gran\u00fcll\u00fc filtre kullan\u0131m\u0131, filtrelerin s\u0131k bak\u0131m ihtiyac\u0131n\u0131 azalt\u0131r ve b\u00f6ylece uzun vadeli maliyetleri d\u00fc\u015f\u00fcr\u00fcr.<\/li>\n<\/ol>\n<p><strong>Men\u015fei: Tayvan'da \u00fcretilmi\u015ftir<\/strong><\/p>\n<p>Karbon gran\u00fcll\u00fc filtre, ... malzemeden \u00fcretilir <strong>Danool<\/strong> \u0130\u00e7inde <strong>Tayvan<\/strong>Bu, en y\u00fcksek kalite standartlar\u0131n\u0131 korurken ileri \u00fcretim tekniklerinin kullan\u0131lmas\u0131n\u0131 sa\u011flar. Ayr\u0131ca, \u00fcretim... <strong>Tayvan<\/strong> Bu, filtrenin su ar\u0131tma \u00fcr\u00fcnleri i\u00e7in k\u00fcresel spesifikasyonlarla uyumlu olmas\u0131n\u0131 sa\u011flar.<\/p>\n<ul>\n<li><strong>Tayvan'da \u00fcretilen filtrenin avantajlar\u0131<\/strong>:\n<ul>\n<li><strong>Y\u00fcksek kalite<\/strong>: Filtre, etkinli\u011fi ve verimlili\u011fini garanti alt\u0131na almak i\u00e7in s\u0131k\u0131 testlere tabi tutulur.<\/li>\n<li><strong>\u00d6zenle se\u00e7ilmi\u015f hammaddeler<\/strong>: Kullan\u0131lan hammaddeler, \u00fcst\u00fcn performans ve y\u00fcksek kaliteyi garanti eder.<\/li>\n<li><strong>Makul maliyet<\/strong>: Tayvan'da \u00fcretilmi\u015f olmas\u0131na ra\u011fmen, bu filtre hala paran\u0131n kar\u015f\u0131l\u0131\u011f\u0131n\u0131 iyi bir \u015fekilde sunmaktad\u0131r.<\/li>\n<\/ul>\n<\/li>\n<\/ul>\n<p><strong>\u512a\u9ede \u4e39\u52aa\u5c14\uff08Danool\uff09\u4e4b\u78b3\u9846\u7c92\u6ffe\u82af<\/strong><\/p>\n<ol>\n<li><strong>Y\u00fcksek kalite<\/strong><br \/>\nFiltre, t\u00fcm \u00fcretim a\u015famalar\u0131nda test edilmi\u015ftir, b\u00f6ylece y\u00fcksek verimlilikle \u00e7al\u0131\u015ft\u0131\u011f\u0131ndan ve k\u00fcresel kalite standartlar\u0131n\u0131 kar\u015f\u0131lad\u0131\u011f\u0131ndan emin olunur.<\/li>\n<li><strong>Ekonomik maliyet<\/strong><br \/>\nDanool'un karbon gran\u00fcll\u00fc filtresi, di\u011fer ithal \u00fcr\u00fcnlere k\u0131yasla rekabet\u00e7i fiyatlar sunarak yerel pazar i\u00e7in ideal bir se\u00e7im yapmaktad\u0131r.<\/li>\n<li><strong>Kolay eri\u015filebilirlik ve yerel destek<\/strong><br \/>\nBu filtre, piyasalarda kolayca bulunabilir ve s\u00fcrekli teknik destek ve yedek par\u00e7a temini sa\u011flan\u0131r.<\/li>\n<li><strong>\u00c7evre dostu.<\/strong><br \/>\nAktif karbon geri d\u00f6n\u00fc\u015ft\u00fcr\u00fclebilir, bu da \u00e7evresel etkiyi azalt\u0131r ve \u00e7evrenin s\u00fcrd\u00fcr\u00fclebilirli\u011fini korur.<\/li>\n<\/ol>\n<p><strong>Nas\u0131l kullan\u0131l\u0131r<\/strong><\/p>\n<ul>\n<li><strong>Filtre de\u011fi\u015fimi<\/strong>: \u0130kinci a\u015fama filtrenin, suyun kirlilik seviyesi ve filtre verimlili\u011fine ba\u011fl\u0131 olarak her 6 ila 12 ayda bir de\u011fi\u015ftirilmesi \u00f6nerilir.<\/li>\n<li><strong>Do\u011fru kurulum<\/strong>\u00dc\u00e7\u00fcnc\u00fc a\u015fama kartu\u015funu, su kirlili\u011fi seviyesi ve filtre verimlili\u011fine ba\u011fl\u0131 olarak her 6 ila 12 ayda bir de\u011fi\u015ftirin.<\/li>\n<li><strong>D\u00fczenli bak\u0131m<\/strong>: Filtrelerin d\u00fczenli bak\u0131m\u0131n\u0131 yaparak, filtrenin etkinli\u011fini her zaman garanti alt\u0131na al\u0131n.<\/li>\n<\/ul>\n<p><strong>Sonu\u00e7<\/strong><\/p>\n<p>Karbon gran\u00fcll\u00fc filtre, ... <strong>Danool<\/strong>, yap\u0131lm\u0131\u015f olan <strong>Tayvan<\/strong>Bu, ev suyu kalitesini iyile\u015ftirmek i\u00e7in ideal bir se\u00e7imdir. Kimyasal ve organik kirleticileri giderme, tat ve kokuyu iyile\u015ftirme ve suyu saf ve g\u00fcvenli hale getirme kapasitesine sahip olmas\u0131yla \u00f6ne \u00e7\u0131kar. Y\u00fcksek kalitesi ve uygun fiyatlar\u0131 ile bu filtre, suyunun sa\u011fl\u0131\u011f\u0131na \u00f6zen g\u00f6steren pek \u00e7ok aile i\u00e7in m\u00fckemmel bir se\u00e7imdir.<\/p>\n<\/div>\n<\/div>\n<\/div>\n<\/div>\n<div class=\"mb-2 flex gap-3 empty:hidden -ml-2\">\n<div class=\"items-center justify-start rounded-xl p-1 flex\">\n<div class=\"flex items-center\"><\/div>\n<\/div>\n<\/div>","protected":false},"excerpt":{"rendered":"<p>\u0130kinci a\u015fama su filtresi mumu, ...'dan karbon gran\u00fclleri ile \u00fcretilmi\u015ftir <strong>Danool<\/strong> \u0130\u00e7inde<strong> \u0130kinci a\u015fama su filtresi mumu, Tayvan'dan karbon gran\u00fclleri ile \u00fcretilmi\u015ftir<\/strong> Kimyasal ve organik kirleticileri giderir, suyun tad\u0131n\u0131 ve kokusunu iyile\u015ftirir. Toksik maddeleri ve safs\u0131zl\u0131klar\u0131 emme konusundaki \u00fcst\u00fcn yetene\u011fi sayesinde saf ve g\u00fcvenli su sa\u011flar. Y\u00fcksek kalite ve ekonomik maliyeti ile bir\u00e7ok kullan\u0131c\u0131 i\u00e7in ideal bir se\u00e7enek olmas\u0131n\u0131 sa\u011flar.<\/p>","protected":false},"featured_media":1057,"comment_status":"open","ping_status":"closed","template":"","meta":{"_acf_changed":false,"site-sidebar-layout":"default","site-content-layout":"","ast-site-content-layout":"default","site-content-style":"default","site-sidebar-style":"default","ast-global-header-display":"","ast-banner-title-visibility":"","ast-main-header-display":"","ast-hfb-above-header-display":"","ast-hfb-below-header-display":"","ast-hfb-mobile-header-display":"","site-post-title":"","ast-breadcrumbs-content":"","ast-featured-img":"","footer-sml-layout":"","theme-transparent-header-meta":"default","adv-header-id-meta":"","stick-header-meta":"default","header-above-stick-meta":"","header-main-stick-meta":"","header-below-stick-meta":"","astra-migrate-meta-layouts":"set","ast-page-background-enabled":"default","ast-page-background-meta":{"desktop":{"background-color":"var(--ast-global-color-4)","background-image":"","background-repeat":"repeat","background-position":"center center","background-size":"auto","background-attachment":"scroll","background-type":"","background-media":"","overlay-type":"","overlay-color":"","overlay-opacity":"","overlay-gradient":""},"tablet":{"background-color":"","background-image":"","background-repeat":"repeat","background-position":"center center","background-size":"auto","background-attachment":"scroll","background-type":"","background-media":"","overlay-type":"","overlay-color":"","overlay-opacity":"","overlay-gradient":""},"mobile":{"background-color":"","background-image":"","background-repeat":"repeat","background-position":"center center","background-size":"auto","background-attachment":"scroll","background-type":"","background-media":"","overlay-type":"","overlay-color":"","overlay-opacity":"","overlay-gradient":""}},"ast-content-background-meta":{"desktop":{"background-color":"var(--ast-global-color-5)","background-image":"","background-repeat":"repeat","background-position":"center center","background-size":"auto","background-attachment":"scroll","background-type":"","background-media":"","overlay-type":"","overlay-color":"","overlay-opacity":"","overlay-gradient":""},"tablet":{"background-color":"var(--ast-global-color-5)","background-image":"","background-repeat":"repeat","background-position":"center center","background-size":"auto","background-attachment":"scroll","background-type":"","background-media":"","overlay-type":"","overlay-color":"","overlay-opacity":"","overlay-gradient":""},"mobile":{"background-color":"var(--ast-global-color-5)","background-image":"","background-repeat":"repeat","background-position":"center center","background-size":"auto","background-attachment":"scroll","background-type":"","background-media":"","overlay-type":"","overlay-color":"","overlay-opacity":"","overlay-gradient":""}}},"product_brand":[],"product_cat":[300],"product_tag":[328,329,327,335,336],"class_list":{"0":"post-1063","1":"product","2":"type-product","3":"status-publish","4":"has-post-thumbnail","6":"product_cat-spare-parts","7":"product_tag-328","8":"product_tag-329","9":"product_tag-327","10":"product_tag-335","11":"product_tag-336","12":"desktop-align-center","13":"tablet-align-center","14":"mobile-align-center","15":"ast-product-gallery-layout-horizontal-slider","16":"ast-product-tabs-layout-horizontal","18":"first","19":"outofstock","20":"sale","21":"taxable","22":"shipping-taxable","23":"purchasable","24":"product-type-simple"},"acf":[],"jetpack_sharing_enabled":true,"_links":{"self":[{"href":"https:\/\/danool.com\/tr\/wp-json\/wp\/v2\/product\/1063","targetHints":{"allow":["GET"]}}],"collection":[{"href":"https:\/\/danool.com\/tr\/wp-json\/wp\/v2\/product"}],"about":[{"href":"https:\/\/danool.com\/tr\/wp-json\/wp\/v2\/types\/product"}],"replies":[{"embeddable":true,"href":"https:\/\/danool.com\/tr\/wp-json\/wp\/v2\/comments?post=1063"}],"wp:featuredmedia":[{"embeddable":true,"href":"https:\/\/danool.com\/tr\/wp-json\/wp\/v2\/media\/1057"}],"wp:attachment":[{"href":"https:\/\/danool.com\/tr\/wp-json\/wp\/v2\/media?parent=1063"}],"wp:term":[{"taxonomy":"product_brand","embeddable":true,"href":"https:\/\/danool.com\/tr\/wp-json\/wp\/v2\/product_brand?post=1063"},{"taxonomy":"product_cat","embeddable":true,"href":"https:\/\/danool.com\/tr\/wp-json\/wp\/v2\/product_cat?post=1063"},{"taxonomy":"product_tag","embeddable":true,"href":"https:\/\/danool.com\/tr\/wp-json\/wp\/v2\/product_tag?post=1063"}],"curies":[{"name":"wp","href":"https:\/\/api.w.org\/{rel}","templated":true}]}}