{"id":1064,"date":"2024-12-23T11:01:55","date_gmt":"2024-12-23T11:01:55","guid":{"rendered":"https:\/\/danool.com\/?post_type=product&#038;p=1064"},"modified":"2025-10-27T18:39:01","modified_gmt":"2025-10-27T18:39:01","slug":"cto-taiwan","status":"publish","type":"product","link":"https:\/\/danool.com\/tr\/product\/cto-taiwan\/","title":{"rendered":"Danool'un \u00fc\u00e7\u00fcnc\u00fc a\u015fama kat\u0131 karbon kartu\u015fu \u2013 Tayvan'da \u00fcretilmi\u015ftir"},"content":{"rendered":"<div class=\"flex max-w-full flex-col flex-grow\">\n<div class=\"min-h-8 text-message flex w-full flex-col items-end gap-2 whitespace-normal break-words text-start [.text-message+&amp;]:mt-5\" dir=\"auto\" data-message-author-role=\"assistant\" data-message-id=\"2fdc2df3-bcd6-498e-bb3e-fea80846e330\" data-message-model-slug=\"gpt-4o-mini\">\n<div class=\"flex w-full flex-col gap-1 empty:hidden first:pt-[3px]\">\n<div class=\"markdown prose w-full break-words dark:prose-invert light\">\n<p><strong>Danool'un \u00fc\u00e7\u00fcnc\u00fc a\u015fama kat\u0131 karbon kartu\u015fu \u2013 Tayvan'da \u00fcretilmi\u015ftir<\/strong><\/p>\n<p><strong>Giri\u015f<\/strong><\/p>\n<p>Su ar\u0131tma sistemlerindeki \u00fc\u00e7\u00fcnc\u00fc a\u015fama filtresi, i\u00e7ilebilir ve g\u00fcvenli su sa\u011flamada kritik bir bile\u015fendir. Kompakt karbon filtresi <strong>Danool<\/strong> Bu a\u015famadaki en etkili \u00e7\u00f6z\u00fcmlerden biri olup, kimyasal kirleticileri, organik bile\u015fenleri ve istenmeyen kokular\u0131 b\u00fcy\u00fck bir ba\u015far\u0131yla giderme yetene\u011fi ile su kalitesini \u00f6nemli \u00f6l\u00e7\u00fcde iyile\u015ftirir. Bu filtre Tayvan'da \u00fcretilmi\u015ftir <strong>Tayvan<\/strong>Bu, su ar\u0131tma alan\u0131ndaki en son k\u00fcresel standartlara uygun y\u00fcksek kaliteli bir \u00fcr\u00fcn sunar.<\/p>\n<p><strong>\u00dc\u00e7\u00fcnc\u00fc a\u015fama kartu\u015funun \u00f6zellikleri: (Danool) karbon blok<\/strong><\/p>\n<ol>\n<li><strong>Ana bile\u015fen: Karbon blok<\/strong>\n<ul>\n<li>\u00dc\u00e7\u00fcnc\u00fc a\u015fama kartu\u015fu, ... malzemesine dayan\u0131r <strong>Karbon blok<\/strong>Bu, pestisitler, klor ve organik bile\u015fikler gibi zararl\u0131 kimyasallar\u0131 ve kirleticileri y\u00fcksek oranda emme kapasitesiyle bilinen bir maddedir.<\/li>\n<li>Kompakt karbon, b\u00fcy\u00fck bir y\u00fczey alan\u0131na sahip olup, suda bulunabilecek olabildi\u011fince fazla kirleticiyi emme kapasitesine sahiptir.<\/li>\n<li>Bu t\u00fcr karbon, suyun tad\u0131n\u0131 iyile\u015ftirerek onu daha saf ve insan t\u00fcketimi i\u00e7in uygun hale getirir.<\/li>\n<\/ul>\n<\/li>\n<li><strong>Kirlilikleri giderme yetene\u011fi<\/strong>\n<ul>\n<li>Kompakt karbon filtresi, kimyasal maddeleri, organik bile\u015fenleri ve istenmeyen kokular\u0131 gidererek, suyun g\u00fcvenli\u011fini sa\u011flamak i\u00e7in kritik bir \u00f6neme sahiptir.<\/li>\n<li>Ayr\u0131ca, insan sa\u011fl\u0131\u011f\u0131n\u0131 veya suyun tad\u0131n\u0131 etkileyebilecek maddeleri filtrelemeye yard\u0131mc\u0131 olur, b\u00f6ylece suyu daha saf ve sa\u011fl\u0131kl\u0131 hale getirir.<\/li>\n<\/ul>\n<\/li>\n<li><strong>Dayan\u0131kl\u0131 tasar\u0131m<\/strong>\n<ul>\n<li>Danol'un kompakt karbon filtresi, suyun filtreyi e\u015fit bir \u015fekilde ge\u00e7mesini sa\u011flamak i\u00e7in tasarlanm\u0131\u015f olup, ar\u0131tma s\u00fcrecinde karbonun etkin bir \u015fekilde da\u011f\u0131t\u0131lmas\u0131na olanak tan\u0131r.<\/li>\n<li>Filtre, y\u00fcksek kaliteli malzemeler kullanarak y\u00fcksek verimlilik sa\u011flar ve uzun s\u00fcreli s\u00fcrd\u00fcr\u00fclebilir performans garanti eder.<\/li>\n<\/ul>\n<\/li>\n<li><strong>Kokular\u0131 giderme etkinli\u011fi<\/strong>\n<ul>\n<li>Kompakt karbon, klor kokusu ve di\u011fer kimyasal kokular gibi istenmeyen kokular\u0131 giderme konusundaki ola\u011fan\u00fcst\u00fc yetene\u011fi ile suyun tad\u0131n\u0131 iyile\u015ftirir ve i\u00e7ilebilir hale getirir.<\/li>\n<li>Bu \u00f6zellik, g\u00fcnl\u00fck ya\u015famlar\u0131nda filtrelenmi\u015f suya ba\u011f\u0131ml\u0131 olan haneler i\u00e7in filtreyi ideal hale getirir.<\/li>\n<\/ul>\n<\/li>\n<\/ol>\n<p><strong>(Danool) \u00fc\u00e7\u00fcnc\u00fc a\u015fama kartu\u015funun \u00fcretiminde kullan\u0131lan malzemeler<br \/>\n<\/strong><\/p>\n<p><strong>Karbon blok<\/strong> Bu, \u00fc\u00e7\u00fcnc\u00fc a\u015fama filtresinin \u00fcretiminde ana bile\u015fendir. Bu t\u00fcr karbon, su ar\u0131tma i\u00e7in ideal hale getiren benzersiz \u00f6zelliklere sahiptir:<\/p>\n<ul>\n<li><strong>\u00dcst\u00fcn emilim<\/strong>Kompakt karbon, suda bulunabilecek toksik maddeleri ve kimyasal kirleticileri emme konusunda ola\u011fan\u00fcst\u00fc bir yetene\u011fe sahiptir.<\/li>\n<li><strong>Sa\u011fl\u0131k a\u00e7\u0131s\u0131ndan g\u00fcvenli<\/strong>Kompakt karbon, tamamen g\u00fcvenli ve toksik olmayan bir malzeme olarak kabul edilir, bu da onu su ar\u0131t\u0131m\u0131nda kullanmak i\u00e7in ideal bir se\u00e7enek yapar.<\/li>\n<li><strong>Su tad\u0131n\u0131 iyile\u015ftirme:<\/strong>Su tad\u0131n\u0131 \u00f6nemli \u00f6l\u00e7\u00fcde iyile\u015ftirir ve toksik bile\u015fenleri ve istenmeyen kokular\u0131 giderir.<\/li>\n<\/ul>\n<p><strong>\u00dcretim s\u00fcreci<\/strong><\/p>\n<p>Kat\u0131 karbon filtre kartu\u015fu ... taraf\u0131ndan \u00fcretilmi\u015ftir <strong>Danool<\/strong> \u0130\u00e7inde <strong>Tayvan<\/strong> \u0130leri \u00fcretim teknikleri kullanarak, \u00fcretim s\u00fcreci filtresinin y\u00fcksek uluslararas\u0131 standartlarla uyumlu olmas\u0131n\u0131 sa\u011flar. Ayr\u0131ca, su ar\u0131t\u0131m\u0131nda maksimum verimlili\u011fi sa\u011flamak i\u00e7in y\u00fcksek kaliteli hammaddeler i\u00e7erir.<\/p>\n<p>Tayvan'daki \u00fcretim s\u00fcreci, \u00fcretimde kalite ve hassasiyeti garanti eder, bu da bu filtresini yerel ve k\u00fcresel pazarlarda t\u00fcketiciler i\u00e7in \u00f6ne \u00e7\u0131kan bir se\u00e7enek yapar.<\/p>\n<p><strong>Danool'un \u00fc\u00e7\u00fcnc\u00fc a\u015fama kartu\u015funun \u00f6nemi<br \/>\n<\/strong><\/p>\n<ol>\n<li><strong>Su kalitesini iyile\u015ftirme<\/strong>:\n<ul>\n<li>Kompakt karbon filtresi, suda bulunabilecek zararl\u0131 kimyasallar\u0131 gidererek suyu daha saf ve sa\u011fl\u0131kl\u0131 hale getirir.<\/li>\n<li>Ayr\u0131ca, suyun tad\u0131n\u0131 iyile\u015ftirerek onu insan t\u00fcketimi i\u00e7in uygun hale getirir.<\/li>\n<\/ul>\n<\/li>\n<li><strong>Filtre verimlili\u011fini art\u0131rma<\/strong>:\n<ul>\n<li>\u00dc\u00e7\u00fcnc\u00fc a\u015fama kartu\u015fu, \u00f6nceki filtreleme a\u015famalar\u0131ndan sonra kalan ince kirleticileri gidererek filtreleme sistemlerinin genel verimlili\u011fini art\u0131rmaya yard\u0131mc\u0131 olur.<\/li>\n<li>Di\u011fer a\u015famalar\u0131n t\u0131kanmas\u0131n\u0131 veya kirlenmesini \u00f6nleyerek di\u011fer filtrelerin \u00f6mr\u00fcn\u00fc uzat\u0131r.<\/li>\n<\/ul>\n<\/li>\n<li><strong>\u062a\u0642\u0644\u064a\u0644 \u0627\u0644\u062a\u0643\u0627\u0644\u064a\u0641<\/strong>:\n<ul>\n<li>Zararl\u0131 kimyasallar\u0131 etkili bir \u015fekilde \u00e7\u0131karan bir kartu\u015f kullanarak filtrelerin d\u00fczenli bak\u0131m ihtiyac\u0131 azal\u0131r ve bu da uzun vadede maliyetlerin d\u00fc\u015fmesine yard\u0131mc\u0131 olur.<\/li>\n<\/ul>\n<\/li>\n<\/ol>\n<p><strong>Men\u015fei: Tayvan'da \u00fcretilmi\u015ftir<\/strong><\/p>\n<p>Kat\u0131 karbon filtre kartu\u015fu ... taraf\u0131ndan \u00fcretilmi\u015ftir <strong>Danool<\/strong> \u0130\u00e7inde <strong>Tayvan<\/strong> Y\u00fcksek kaliteli hammaddeler ve geli\u015fmi\u015f \u00fcretim teknikleri kullanarak, Tayvan'da yap\u0131lan \u00fcretim s\u00fcreci, filtrenin k\u00fcresel su g\u00fcvenli\u011fi standartlar\u0131na uygun olmas\u0131n\u0131 sa\u011flar ve bu da onu d\u00fcnya \u00e7ap\u0131nda t\u00fcketiciler i\u00e7in ideal bir se\u00e7enek yapar.<\/p>\n<p><strong>Tayvan'da \u00fcretilen kompakt karbon filtresinin avantajlar\u0131<\/strong><\/p>\n<ol>\n<li><strong>Y\u00fcksek kalite<\/strong>:\n<ul>\n<li>Filtre, su ar\u0131tma etkinli\u011fi ve verimlili\u011fini garanti etmek i\u00e7in \u00fcretimin t\u00fcm a\u015famalar\u0131nda test edilen \u00fcst\u00fcn \u00fcretim kalitesiyle \u00f6ne \u00e7\u0131kar.<\/li>\n<li>Kullan\u0131lan hammaddeler, \u00fcst\u00fcn ve uzun \u00f6m\u00fcrl\u00fc bir performans sa\u011flar.<\/li>\n<\/ul>\n<\/li>\n<li><strong>Ekonomik maliyet<\/strong>:\n<ul>\n<li>Filtre mevcut <strong>Danool<\/strong> Kompakt karbon, di\u011fer ithal \u00fcr\u00fcnlerle kar\u015f\u0131la\u015ft\u0131r\u0131ld\u0131\u011f\u0131nda uygun fiyatl\u0131d\u0131r, bu da onu yerel ve k\u00fcresel pazarlar i\u00e7in \u00f6ne \u00e7\u0131kan bir se\u00e7enek yapar.<\/li>\n<\/ul>\n<\/li>\n<li><strong>Kolay eri\u015filebilirlik ve yerel destek<\/strong>:\n<ul>\n<li>Kompakt karbon filtresi, yerel ve k\u00fcresel pazarlarda kolayca temin edilebilir ve teknik destek ile yedek par\u00e7alar kolayca temin edilebilir.<\/li>\n<\/ul>\n<\/li>\n<li><strong>\u00c7evre dostu.<\/strong>:\n<ul>\n<li>Kat\u0131 karbon geri d\u00f6n\u00fc\u015ft\u00fcr\u00fclebilir, bu da \u00e7evresel etkileri azaltmaya ve \u00e7evresel s\u00fcrd\u00fcr\u00fclebilirli\u011fi korumaya katk\u0131 sa\u011flar.<\/li>\n<\/ul>\n<\/li>\n<\/ol>\n<p><strong>Nas\u0131l kullan\u0131l\u0131r<\/strong><\/p>\n<ul>\n<li>Nas\u0131l kullan\u0131l\u0131r<\/li>\n<li>\u00dc\u00e7\u00fcnc\u00fc a\u015fama kartu\u015funu, su kirlili\u011fi seviyesi ve filtre verimlili\u011fine ba\u011fl\u0131 olarak her 6 ila 12 ayda bir de\u011fi\u015ftirin.<\/li>\n<li>Filtrenin d\u00fczenli bak\u0131m\u0131n\u0131 yaparak, kartu\u015fun her zaman etkinli\u011fini garantileyin.<\/li>\n<\/ul>\n<p><strong>Sonu\u00e7<\/strong><\/p>\n<p>Kat\u0131 karbon kartu\u015fu, <strong>Danool<\/strong> \u00dcretildi\u011fi yer <strong>Tayvan<\/strong> Evsel su kalitesini iyile\u015ftirmek i\u00e7in ideal bir tercihtir. Zararl\u0131 kimyasallar\u0131, kokular\u0131 ve safs\u0131zl\u0131klar\u0131 y\u00fcksek verimlilikle giderme yetene\u011fi ile g\u00fcnl\u00fck kullan\u0131m i\u00e7in uygun saf su sa\u011flar. Ayr\u0131ca y\u00fcksek kalitesi, uygun maliyeti ve yerel ve k\u00fcresel pazarlarda kolay eri\u015filebilirli\u011fi ile \u00f6ne \u00e7\u0131kar, bu da onu saf ve g\u00fcvenli i\u00e7me suyu arayan t\u00fcketiciler i\u00e7in m\u00fckemmel bir se\u00e7enek yapar.<\/p>\n<\/div>\n<\/div>\n<\/div>\n<\/div>\n<div class=\"mb-2 flex gap-3 empty:hidden -ml-2\">\n<div class=\"items-center justify-start rounded-xl p-1 z-10 -mt-1 bg-token-main-surface-primary screen-arch:mt-1 md:absolute md:sr-only\">\n<div class=\"flex items-center\"><\/div>\n<\/div>\n<\/div>","protected":false},"excerpt":{"rendered":"<p><strong>\u00dc\u00e7\u00fcnc\u00fc a\u015fama filtresi<\/strong> Kompakt karbon, <strong>Danool<\/strong>, yap\u0131lm\u0131\u015f olan <strong>Tayvan<\/strong>Zararl\u0131 kimyasallar\u0131 ve istenmeyen kokular\u0131 y\u00fcksek bir \u015fekilde giderme kapasitesi ile su kalitesini \u00f6nemli \u00f6l\u00e7\u00fcde iyile\u015ftirir. Toksik bile\u015fenleri emme ve tad\u0131 iyile\u015ftirme yetene\u011fi sayesinde saf ve i\u00e7ilebilir su sa\u011flar. Tayvan'da \u00fcretilmi\u015f olmas\u0131, y\u00fcksek kalitesini garanti eder ve onu t\u00fcketiciler i\u00e7in ekonomik ve g\u00fcvenilir bir se\u00e7enek yapar.<\/p>","protected":false},"featured_media":1055,"comment_status":"open","ping_status":"closed","template":"","meta":{"_acf_changed":false,"site-sidebar-layout":"default","site-content-layout":"","ast-site-content-layout":"default","site-content-style":"default","site-sidebar-style":"default","ast-global-header-display":"","ast-banner-title-visibility":"","ast-main-header-display":"","ast-hfb-above-header-display":"","ast-hfb-below-header-display":"","ast-hfb-mobile-header-display":"","site-post-title":"","ast-breadcrumbs-content":"","ast-featured-img":"","footer-sml-layout":"","theme-transparent-header-meta":"default","adv-header-id-meta":"","stick-header-meta":"default","header-above-stick-meta":"","header-main-stick-meta":"","header-below-stick-meta":"","astra-migrate-meta-layouts":"set","ast-page-background-enabled":"default","ast-page-background-meta":{"desktop":{"background-color":"var(--ast-global-color-4)","background-image":"","background-repeat":"repeat","background-position":"center center","background-size":"auto","background-attachment":"scroll","background-type":"","background-media":"","overlay-type":"","overlay-color":"","overlay-opacity":"","overlay-gradient":""},"tablet":{"background-color":"","background-image":"","background-repeat":"repeat","background-position":"center center","background-size":"auto","background-attachment":"scroll","background-type":"","background-media":"","overlay-type":"","overlay-color":"","overlay-opacity":"","overlay-gradient":""},"mobile":{"background-color":"","background-image":"","background-repeat":"repeat","background-position":"center center","background-size":"auto","background-attachment":"scroll","background-type":"","background-media":"","overlay-type":"","overlay-color":"","overlay-opacity":"","overlay-gradient":""}},"ast-content-background-meta":{"desktop":{"background-color":"var(--ast-global-color-5)","background-image":"","background-repeat":"repeat","background-position":"center center","background-size":"auto","background-attachment":"scroll","background-type":"","background-media":"","overlay-type":"","overlay-color":"","overlay-opacity":"","overlay-gradient":""},"tablet":{"background-color":"var(--ast-global-color-5)","background-image":"","background-repeat":"repeat","background-position":"center center","background-size":"auto","background-attachment":"scroll","background-type":"","background-media":"","overlay-type":"","overlay-color":"","overlay-opacity":"","overlay-gradient":""},"mobile":{"background-color":"var(--ast-global-color-5)","background-image":"","background-repeat":"repeat","background-position":"center center","background-size":"auto","background-attachment":"scroll","background-type":"","background-media":"","overlay-type":"","overlay-color":"","overlay-opacity":"","overlay-gradient":""}}},"product_brand":[],"product_cat":[27,300],"product_tag":[332,329,334,339,337,338],"class_list":{"0":"post-1064","1":"product","2":"type-product","3":"status-publish","4":"has-post-thumbnail","6":"product_cat-store","7":"product_cat-spare-parts","8":"product_tag-332","9":"product_tag-329","10":"product_tag-334","11":"product_tag-339","12":"product_tag-337","13":"product_tag-338","14":"desktop-align-center","15":"tablet-align-center","16":"mobile-align-center","17":"ast-product-gallery-layout-horizontal-slider","18":"ast-product-tabs-layout-horizontal","20":"first","21":"instock","22":"sale","23":"featured","24":"taxable","25":"shipping-taxable","26":"purchasable","27":"product-type-simple"},"acf":[],"jetpack_sharing_enabled":true,"_links":{"self":[{"href":"https:\/\/danool.com\/tr\/wp-json\/wp\/v2\/product\/1064","targetHints":{"allow":["GET"]}}],"collection":[{"href":"https:\/\/danool.com\/tr\/wp-json\/wp\/v2\/product"}],"about":[{"href":"https:\/\/danool.com\/tr\/wp-json\/wp\/v2\/types\/product"}],"replies":[{"embeddable":true,"href":"https:\/\/danool.com\/tr\/wp-json\/wp\/v2\/comments?post=1064"}],"wp:featuredmedia":[{"embeddable":true,"href":"https:\/\/danool.com\/tr\/wp-json\/wp\/v2\/media\/1055"}],"wp:attachment":[{"href":"https:\/\/danool.com\/tr\/wp-json\/wp\/v2\/media?parent=1064"}],"wp:term":[{"taxonomy":"product_brand","embeddable":true,"href":"https:\/\/danool.com\/tr\/wp-json\/wp\/v2\/product_brand?post=1064"},{"taxonomy":"product_cat","embeddable":true,"href":"https:\/\/danool.com\/tr\/wp-json\/wp\/v2\/product_cat?post=1064"},{"taxonomy":"product_tag","embeddable":true,"href":"https:\/\/danool.com\/tr\/wp-json\/wp\/v2\/product_tag?post=1064"}],"curies":[{"name":"wp","href":"https:\/\/api.w.org\/{rel}","templated":true}]}}