{"id":977,"date":"2024-12-21T13:23:11","date_gmt":"2024-12-21T13:23:11","guid":{"rendered":"https:\/\/danool.com\/?post_type=product&#038;p=977"},"modified":"2025-08-16T18:14:47","modified_gmt":"2025-08-16T18:14:47","slug":"pp-egypt","status":"publish","type":"product","link":"https:\/\/danool.com\/tr\/product\/pp-egypt\/","title":{"rendered":"Danool Polipropilen'in birinci a\u015fama mumu \u2013 M\u0131s\u0131r'da \u00fcretilmi\u015ftir."},"content":{"rendered":"<p style=\"text-align: right;\"><strong>M\u0131s\u0131r mal\u0131 polipropilen malzemelerden yap\u0131lm\u0131\u015f (Danool) su filtreleri i\u00e7in birinci a\u015fama kartu\u015funun fiyat\u0131 ve \u00f6zellikleri<\/strong><\/p>\n<p style=\"text-align: right;\"><strong>Giri\u015f<\/strong><\/p>\n<p style=\"text-align: right;\">Birinci a\u015fama kartu\u015fu, su ar\u0131tma sistemlerinde ana bile\u015fendir ve suyun i\u00e7indeki kirleticiler ve kat\u0131 kirleri temizlemekten sorumludur. Su filtreleme sisteminin verimlili\u011fi, b\u00fcy\u00fck \u00f6l\u00e7\u00fcde birinci a\u015fama kartu\u015funun kalitesine ba\u011fl\u0131d\u0131r. Evsel kullan\u0131m i\u00e7in temiz ve saf suya olan talebin artmas\u0131yla, kalite ve rekabet\u00e7i fiyatlar\u0131 birle\u015ftiren yerli \u00fcr\u00fcnlerin \u00f6nemi belirginle\u015fiyor. M\u0131s\u0131r polipropilen malzemelerinden yap\u0131lm\u0131\u015f su filtreleri birinci a\u015fama kartu\u015fu, hem etkinlik hem de verimlilik arayanlar i\u00e7in m\u00fckemmel bir se\u00e7enektir.<\/p>\n<p style=\"text-align: right;\"><strong>(Danool) birinci a\u015fama kartu\u015funun \u00f6zellikleri <\/strong><br \/>\nY\u00fcksek kaliteli polipropilen malzemelerden yap\u0131lm\u0131\u015ft\u0131r.<br \/>\nKirleri ve tortular\u0131 y\u00fcksek verimlilikle temizleyebilir.<br \/>\n\u00c7e\u015fitli evsel su ar\u0131tma filtrelerinde kullan\u0131ma uygundur ve tasar\u0131m uzun bir hizmet \u00f6mr\u00fc sunar.<\/p>\n<p style=\"text-align: right;\"><strong>(Danool) birinci a\u015fama kartu\u015funun \u00fcretiminde kullan\u0131lan malzeme: polipropilen<\/strong><\/p>\n<p style=\"text-align: right;\">Polipropilen, birinci a\u015fama filtre kartu\u015fu \u00fcretiminde kullan\u0131lan ana malzemedir.<br \/>\nSa\u011fl\u0131k a\u00e7\u0131s\u0131ndan g\u00fcvenli, toksik olmayan bir malzeme olup, su ar\u0131tma sistemlerinde kullan\u0131m\u0131 i\u00e7in d\u00fcnya \u00e7ap\u0131nda onaylanm\u0131\u015ft\u0131r.<br \/>\nBu, biyolojik kirleticilerden ar\u0131nm\u0131\u015f temiz su sa\u011flar, pas, a\u015f\u0131nma ve bakterilere kar\u015f\u0131 etkili bir \u015fekilde diren\u00e7 g\u00f6sterir, bu da onu evsel su ar\u0131t\u0131m\u0131 i\u00e7in ideal bir se\u00e7enek yapar. Kartu\u015f, nem veya uzun s\u00fcre suya maruz kalmaktan etkilenmez, bu da daha uzun bir \u00f6m\u00fcr sa\u011flar.<\/p>\n<p style=\"text-align: right;\">Bakteri Direnci \u00d6zelli\u011fi: Polipropilen, kartu\u015f y\u00fczeyinde bakteri ve mantar b\u00fcy\u00fcmesini engeller, bu da biyolojik kirleticilerden ar\u0131nm\u0131\u015f temiz su sa\u011flamaya yard\u0131mc\u0131 olur.<\/p>\n<p style=\"text-align: right;\">Kalite ve K\u00fcresel Sertifikasyon: Polipropilen, su ar\u0131t\u0131m\u0131 ve safla\u015ft\u0131r\u0131lmas\u0131 i\u00e7in g\u00fcvenli ve etkili bir se\u00e7enek olarak k\u00fcresel \u00e7apta onaylanm\u0131\u015ft\u0131r. Kimyasal stabilitesi, suyla reaksiyona girmesini veya zararl\u0131 maddeler salmas\u0131n\u0131 engeller.<\/p>\n<p style=\"text-align: right;\">Sertlik ve verimlilik.<br \/>\nPolipropilen, su bas\u0131nc\u0131na dayanabilen, \u00e7atlamadan veya hasar g\u00f6rmeden sa\u011flam bir malzeme olarak kabul edilir.<br \/>\nKartu\u015fun dengeli yo\u011funlu\u011fu, etkili filtrasyonu ve en k\u00fc\u00e7\u00fck boyuttaki ince par\u00e7ac\u0131klar\u0131n bile giderilmesini sa\u011flar.<\/p>\n<p style=\"text-align: right;\"><strong>\u00a0\u00a0 (Danool) birinci a\u015fama kartu\u015funu kullanman\u0131n \u00f6nemi<\/strong><\/p>\n<p style=\"text-align: right;\">Su kalitesini iyile\u015ftirme: Tortular\u0131 ve kirleri gidererek suyu daha saf ve sa\u011fl\u0131kl\u0131 hale getirir.<br \/>\nFiltre \u00f6mr\u00fcn\u00fc uzatma: Filtrasyon sistemindeki sonraki a\u015famalar, t\u0131kanma veya erken hasara kar\u015f\u0131 korur.<br \/>\nBak\u0131m maliyetlerini azaltma: Etkili bir kartu\u015f kullanmak, filtre bak\u0131m\u0131n\u0131n s\u0131k yap\u0131lmas\u0131 ihtiyac\u0131n\u0131 azalt\u0131r.<\/p>\n<p style=\"text-align: right;\"><strong>Neden (Danool) polipropilen kartu\u015fu ideal bir se\u00e7imdir?<\/strong><\/p>\n<p style=\"text-align: right;\">Y\u00fcksek verimlilik ve makul maliyetin birle\u015fimi, polipropilenin filtre kartu\u015flar\u0131n\u0131n \u00fcretiminde en yayg\u0131n kullan\u0131lan malzeme olmas\u0131n\u0131 sa\u011flar.<br \/>\nBuna ek olarak, geri d\u00f6n\u00fc\u015ft\u00fcr\u00fclebilirli\u011fi \u00f6nemli bir \u00e7evresel \u00f6zellik olup, \u00e7evre \u00fczerindeki olumsuz etkilerin azalt\u0131lmas\u0131na yard\u0131mc\u0131 olur.<\/p>\n<p style=\"text-align: right;\"><strong>\u00dcretim Yeri:<\/strong><br \/>\nTamamen M\u0131s\u0131r'da \u00fcretilmi\u015ftir, bu da yerel spesifikasyonlarla uyumlu olmas\u0131n\u0131 ve su ar\u0131tma i\u00e7in g\u00fcvenli olmas\u0131n\u0131 sa\u011flar. M\u0131s\u0131r \u00fcr\u00fcn\u00fc, g\u00fcvenli\u011fini sa\u011flamak i\u00e7in s\u0131k\u0131 kalite kontrol\u00fcnden ge\u00e7er ve yerel pazarlarda mevcuttur, bu da perakende ve toptan sipari\u015f ve sat\u0131n almay\u0131 kolayla\u015ft\u0131r\u0131r, ayr\u0131ca gerekti\u011finde de\u011fi\u015ftirilebilir veya bak\u0131m yap\u0131labilir.<\/p>\n<p style=\"text-align: right;\">.<strong>Danool'un M\u0131s\u0131r mal\u0131 polipropilen kartu\u015funun avantajlar\u0131<\/strong><br \/>\n\u00dcst\u00fcn kalite: Kartu\u015f, operasyonel etkinli\u011fi garanti eden ve g\u00fcnl\u00fck a\u015f\u0131nmaya kar\u015f\u0131 dayan\u0131kl\u0131 ola\u011fan\u00fcst\u00fc malzemelerden yap\u0131lm\u0131\u015ft\u0131r.<br \/>\nEkonomik maliyet: \u0130thal \u00fcr\u00fcnlerle benzer kaliteyi rekabet\u00e7i bir fiyata sunan yerli bir \u00fcr\u00fcn.<br \/>\nFarkl\u0131 filtrelerle uyumluluk: Piyasada mevcut olan \u00e7o\u011fu sisteme uyacak \u015fekilde tasarlanm\u0131\u015f olup, yerel tedarik ve destek sunar.<\/p>\n<p style=\"text-align: right;\">M\u0131s\u0131r pazarlar\u0131ndan kolayca temin edilebilir, ayr\u0131ca teknik destek ve yedek par\u00e7a temini mevcuttur.<br \/>\n\u00c7evre dostu.<br \/>\nPolipropilen geri d\u00f6n\u00fc\u015ft\u00fcr\u00fclebilir, bu da \u00e7evresel etkiyi azalt\u0131r.<\/p>\n<p style=\"text-align: right;\">::\u0627<strong>Kullan\u0131mlar ve faydalar.<\/strong><br \/>\nEntegre Filtrasyon: Temiz, i\u00e7ilebilir su sa\u011flamak i\u00e7in kirleticilerin ve tortular\u0131n giderilmesi.<br \/>\nEv ve Aile: M\u0131s\u0131rl\u0131 ve Arap ailelerine uygun olup, \u015fi\u015felenmi\u015f su al\u0131m maliyetlerini azaltmaya yard\u0131mc\u0131 olur.<\/p>\n<p style=\"text-align: right;\"><strong>.<\/strong><br \/>\n<strong>(Danool) birinci a\u015fama kartu\u015funun fiyat\u0131<br \/>\n<\/strong><\/p>\n<p style=\"text-align: right;\">Kartu\u015f, t\u00fcketici i\u00e7in uygun olacak \u015fekilde fiyatland\u0131r\u0131lm\u0131\u015ft\u0131r ve piyasa rekabeti g\u00f6z \u00f6n\u00fcnde bulundurulmu\u015ftur. Toplu sipari\u015fler ve \u00f6zel teklifler i\u00e7in l\u00fctfen bizimle telefon veya mevcut ileti\u015fim kanallar\u0131 \u00fczerinden do\u011frudan ileti\u015fime ge\u00e7in.<\/p>","protected":false},"excerpt":{"rendered":"<p data-pm-slice=\"1 1 []\">Ev kullan\u0131m\u0131 i\u00e7in temiz ve saf suya olan ihtiyac\u0131n artmas\u0131yla birlikte, kaliteyi ve rekabet\u00e7i fiyat\u0131 birle\u015ftiren yerli \u00fcr\u00fcnlerin \u00f6nemi belirginle\u015fmektedir. \u0130lk a\u015fama mumu... <strong> (Danool)<\/strong> M\u0131s\u0131r polipropilen malzemelerinden \u00fcretilen su filtreleri, hem etkinlik hem de verimlilik arayanlar i\u00e7in m\u00fckemmel bir se\u00e7imdir.<\/p>","protected":false},"featured_media":978,"comment_status":"open","ping_status":"closed","template":"","meta":{"_acf_changed":false,"site-sidebar-layout":"default","site-content-layout":"","ast-site-content-layout":"default","site-content-style":"default","site-sidebar-style":"default","ast-global-header-display":"","ast-banner-title-visibility":"","ast-main-header-display":"","ast-hfb-above-header-display":"","ast-hfb-below-header-display":"","ast-hfb-mobile-header-display":"","site-post-title":"","ast-breadcrumbs-content":"","ast-featured-img":"","footer-sml-layout":"","theme-transparent-header-meta":"default","adv-header-id-meta":"","stick-header-meta":"default","header-above-stick-meta":"","header-main-stick-meta":"","header-below-stick-meta":"","astra-migrate-meta-layouts":"set","ast-page-background-enabled":"default","ast-page-background-meta":{"desktop":{"background-color":"var(--ast-global-color-4)","background-image":"","background-repeat":"repeat","background-position":"center center","background-size":"auto","background-attachment":"scroll","background-type":"","background-media":"","overlay-type":"","overlay-color":"","overlay-opacity":"","overlay-gradient":""},"tablet":{"background-color":"","background-image":"","background-repeat":"repeat","background-position":"center center","background-size":"auto","background-attachment":"scroll","background-type":"","background-media":"","overlay-type":"","overlay-color":"","overlay-opacity":"","overlay-gradient":""},"mobile":{"background-color":"","background-image":"","background-repeat":"repeat","background-position":"center center","background-size":"auto","background-attachment":"scroll","background-type":"","background-media":"","overlay-type":"","overlay-color":"","overlay-opacity":"","overlay-gradient":""}},"ast-content-background-meta":{"desktop":{"background-color":"var(--ast-global-color-5)","background-image":"","background-repeat":"repeat","background-position":"center center","background-size":"auto","background-attachment":"scroll","background-type":"","background-media":"","overlay-type":"","overlay-color":"","overlay-opacity":"","overlay-gradient":""},"tablet":{"background-color":"var(--ast-global-color-5)","background-image":"","background-repeat":"repeat","background-position":"center center","background-size":"auto","background-attachment":"scroll","background-type":"","background-media":"","overlay-type":"","overlay-color":"","overlay-opacity":"","overlay-gradient":""},"mobile":{"background-color":"var(--ast-global-color-5)","background-image":"","background-repeat":"repeat","background-position":"center center","background-size":"auto","background-attachment":"scroll","background-type":"","background-media":"","overlay-type":"","overlay-color":"","overlay-opacity":"","overlay-gradient":""}}},"product_brand":[],"product_cat":[27,300,297],"product_tag":[324,329,325,322,326,323],"class_list":{"0":"post-977","1":"product","2":"type-product","3":"status-publish","4":"has-post-thumbnail","6":"product_cat-store","7":"product_cat-spare-parts","8":"product_cat-domestic-filter","9":"product_tag-324","10":"product_tag-329","11":"product_tag-325","12":"product_tag-322","13":"product_tag-326","14":"product_tag-323","15":"desktop-align-center","16":"tablet-align-center","17":"mobile-align-center","18":"ast-product-gallery-layout-horizontal-slider","19":"ast-product-tabs-layout-horizontal","21":"first","22":"outofstock","23":"taxable","24":"shipping-taxable","25":"purchasable","26":"product-type-simple"},"acf":[],"jetpack_sharing_enabled":true,"_links":{"self":[{"href":"https:\/\/danool.com\/tr\/wp-json\/wp\/v2\/product\/977","targetHints":{"allow":["GET"]}}],"collection":[{"href":"https:\/\/danool.com\/tr\/wp-json\/wp\/v2\/product"}],"about":[{"href":"https:\/\/danool.com\/tr\/wp-json\/wp\/v2\/types\/product"}],"replies":[{"embeddable":true,"href":"https:\/\/danool.com\/tr\/wp-json\/wp\/v2\/comments?post=977"}],"wp:featuredmedia":[{"embeddable":true,"href":"https:\/\/danool.com\/tr\/wp-json\/wp\/v2\/media\/978"}],"wp:attachment":[{"href":"https:\/\/danool.com\/tr\/wp-json\/wp\/v2\/media?parent=977"}],"wp:term":[{"taxonomy":"product_brand","embeddable":true,"href":"https:\/\/danool.com\/tr\/wp-json\/wp\/v2\/product_brand?post=977"},{"taxonomy":"product_cat","embeddable":true,"href":"https:\/\/danool.com\/tr\/wp-json\/wp\/v2\/product_cat?post=977"},{"taxonomy":"product_tag","embeddable":true,"href":"https:\/\/danool.com\/tr\/wp-json\/wp\/v2\/product_tag?post=977"}],"curies":[{"name":"wp","href":"https:\/\/api.w.org\/{rel}","templated":true}]}}