{"id":1063,"date":"2024-12-23T10:59:51","date_gmt":"2024-12-23T10:59:51","guid":{"rendered":"https:\/\/danool.com\/?post_type=product&#038;p=1063"},"modified":"2025-12-26T05:38:04","modified_gmt":"2025-12-26T05:38:04","slug":"gac-taiwan","status":"publish","type":"product","link":"https:\/\/danool.com\/zh\/product\/gac-taiwan\/","title":{"rendered":"(Danool) \u7b2c\u4e8c\u968e\u6bb5\u78b3\u9846\u7c92\u6ffe\u82af \u2013 \u53f0\u7063\u88fd\u9020"},"content":{"rendered":"<div class=\"flex max-w-full flex-col flex-grow\">\n<div class=\"min-h-8 text-message flex w-full flex-col items-end gap-2 whitespace-normal break-words text-start [.text-message+&amp;]:mt-5\" dir=\"auto\" data-message-author-role=\"assistant\" data-message-id=\"3074677e-7da8-4011-96a4-5cd3e4ccb950\" data-message-model-slug=\"gpt-4o-mini\">\n<div class=\"flex w-full flex-col gap-1 empty:hidden first:pt-[3px]\">\n<div class=\"markdown prose w-full break-words dark:prose-invert light\">\n<p><strong>\u7b2c\u4e8c\u968e\u6bb5\u6ffe\u82af\uff1a\u4f86\u81eaDanool\u7684\u6d3b\u6027\u78b3\u9846\u7c92<\/strong><\/p>\n<p><strong>\u5f15\u8a00<\/strong><\/p>\n<p>\u7b2c\u4e8c\u968e\u6bb5\u7684\u6ffe\u6c34\u5668\u6ffe\u82af\u662f\u6539\u5584\u5bb6\u5ead\u7528\u6c34\u8cea\u91cf\u7684\u91cd\u8981\u7d44\u6210\u90e8\u5206\u3002\u6b64\u6ffe\u82af\u5728\u7b2c\u4e00\u968e\u6bb5\u904e\u6ffe\u5f8c\u4f7f\u7528\uff0c\u80fd\u66f4\u8a73\u7d30\u5730\u904e\u6ffe\u6c34\uff0c\u53bb\u9664\u5316\u5b78\u6c61\u67d3\u7269\u3001\u6709\u6a5f\u5316\u5408\u7269\u548c\u4e0d\u9700\u8981\u7684\u6c23\u5473\u3002\u6d3b\u6027\u78b3\u9846\u7c92\u6ffe\u82af\u662f <strong>Danool<\/strong>\uff0c\u88fd\u9020\u65bc <strong>\u53f0\u7063<\/strong>\u5728\u6b64\u968e\u6bb5\u63d0\u4f9b\u5353\u8d8a\u7684\u6027\u80fd\uff0c\u6709\u52a9\u65bc\u63d0\u4f9b\u4e7e\u6de8\u3001\u6e05\u6f88\u4e14\u9069\u5408\u4eba\u985e\u98f2\u7528\u7684\u6c34\u3002\u6b64\u6ffe\u82af\u7d50\u5408\u4e86\u5148\u9032\u6280\u8853\u548c\u9ad8\u54c1\u8cea\u88fd\u9020\uff0c\u662f\u8a31\u591a\u5bb6\u5ead\u6ffe\u6c34\u5668\u7528\u6236\u7684\u7406\u60f3\u9078\u64c7\u3002<\/p>\n<p><strong>\u7b2c\u4e8c\u968e\u6bb5\u6ffe\u82af\u898f\u683c\uff1a\u4f86\u81eaDanol\u7684\u6d3b\u6027\u78b3\u9846\u7c92<\/strong><\/p>\n<ol>\n<li><strong>\u4e3b\u8981\u7d44\u6210\uff1a\u78b3\u9846\u7c92<\/strong><br \/>\n\u7b2c\u4e8c\u968e\u6bb5\u6ffe\u82af\u4f9d\u8cf4\u65bc <strong>\u6d3b\u6027\u78b3\u9846\u7c92<\/strong> \u5b83\u662f\u6700\u6709\u6548\u7684\u6c34\u904e\u6ffe\u6750\u6599\u4e4b\u4e00\u3002\u9019\u4e9b\u9846\u7c92\u4ee5\u5176\u9ad8\u6548\u5438\u6536\u5316\u5b78\u548c\u6709\u6a5f\u6c61\u67d3\u7269\uff08\u5982\u6c2f\u3001\u8fb2\u85e5\u3001\u6709\u6bd2\u7269\u8cea\u548c\u4e0d\u9700\u8981\u7684\u5316\u5408\u7269\uff09\u800c\u8457\u7a31\u3002<\/p>\n<ul>\n<li><strong>\u6539\u5584\u6c34\u7684\u5473\u9053\u548c\u6c23\u5473<\/strong>\u78b3\u9846\u7c92\u80fd\u6539\u5584\u6c34\u7684\u53e3\u611f\u4e26\u6e1b\u5c11\u5947\u602a\u6216\u4e0d\u9700\u8981\u7684\u6c23\u5473\uff0c\u4f7f\u6c34\u66f4\u52a0\u7d14\u6de8\u4e14\u9069\u5408\u98f2\u7528\u3002<\/li>\n<\/ul>\n<\/li>\n<li><strong>\u53bb\u9664\u96dc\u8cea\u7684\u80fd\u529b<\/strong><br \/>\n\u78b3\u9846\u7c92\u80fd\u6709\u6548\u5438\u9644\u6709\u5bb3\u5316\u5b78\u7269\u8cea\u3001\u96dc\u8cea\u548c\u5176\u4ed6\u6c61\u67d3\u7269\u3002\u9019\u7a2e\u6ffe\u82af\u53ef\u6df1\u5165\u904e\u6ffe\u6c34\u8cea\uff0c\u78ba\u4fdd\u6c34\u6e90\u6e05\u6f54\u4e14\u7121\u4efb\u4f55\u6709\u5bb3\u6c61\u67d3\u7269\u3002<\/li>\n<li><strong>\u8010\u7528\u8a2d\u8a08<\/strong><br \/>\n\u4e39\u8afe\u723e\u7684\u78b3\u9846\u7c92\u6ffe\u82af\u8a2d\u8a08\u80fd\u78ba\u4fdd\u6c34\u5747\u52fb\u5730\u901a\u904e\uff0c\u5be6\u73fe\u6ffe\u82af\u5167\u78b3\u7684\u6700\u4f73\u5206\u4f48\uff0c\u4ee5\u9054\u5230\u6700\u9ad8\u904e\u6ffe\u6548\u7387\u3002\u6240\u4f7f\u7528\u7684\u6750\u6599\u4fdd\u8b49\u5176\u9ad8\u54c1\u8cea\u548c\u9ad8\u6548\u80fd\uff0c\u78ba\u4fdd\u9577\u6548\u6027\u80fd\u3002<\/li>\n<li><strong>\u53bb\u9664\u6c23\u5473\u7684\u6548\u679c<\/strong><br \/>\n\u78b3\u9846\u7c92\u6700\u986f\u8457\u7684\u7279\u9ede\u4e4b\u4e00\u662f\u5176\u5353\u8d8a\u7684\u53bb\u9664\u6c34\u4e2d\u7570\u5473\u7684\u80fd\u529b\u3002\u9019\u7a2e\u6ffe\u82af\u6709\u52a9\u65bc\u5168\u9762\u6539\u5584\u6c34\u8cea\uff0c\u4f7f\u6c34\u66f4\u52a0\u7d14\u6de8\u4e14\u9069\u5408\u98f2\u7528\u3002<\/li>\n<\/ol>\n<p><strong>\u4e39\u8afe\u7b2c\u4e8c\u968e\u6bb5\u6ffe\u82af\u7684\u88fd\u9020\u6750\u6599<br \/>\n<\/strong><\/p>\n<ul>\n<li><strong>\u6d3b\u6027\u78b3\u9846\u7c92<\/strong>:<br \/>\n\u6d3b\u6027\u78b3\u662f\u6700\u6709\u6548\u7684\u6c34\u8655\u7406\u6750\u6599\u4e4b\u4e00\uff0c\u4ee5\u5176\u5f37\u5927\u7684\u5438\u9644\u6709\u5bb3\u5316\u5b78\u7269\u8cea\u548c\u96dc\u8cea\u7684\u80fd\u529b\u800c\u805e\u540d\u3002\u6d3b\u6027\u78b3\u5177\u6709\u8a31\u591a\u6709\u76ca\u7684\u7279\u6027\uff0c\u5305\u62ec\uff1a<\/p>\n<ul>\n<li><strong>\u9ad8\u5438\u9644\u6027<\/strong>: \u5353\u8d8a\u7684\u5438\u9644\u6709\u6bd2\u5316\u5408\u7269\u548c\u6c61\u67d3\u7269\u7684\u80fd\u529b\u3002<\/li>\n<li><strong>\u5065\u5eb7\u5b89\u5168<\/strong>: \u78b3\u662f\u4e00\u7a2e\u5b8c\u5168\u5b89\u5168\u4e14\u7121\u6bd2\u7684\u6750\u6599\uff0c\u4f7f\u5176\u6210\u70ba\u6c34\u8655\u7406\u4e2d\u7406\u60f3\u7684\u9078\u64c7\u3002<\/li>\n<li><strong>\u6539\u5584\u6c34\u8cea<\/strong>: \u78b3\u901a\u904e\u53bb\u9664\u6709\u6bd2\u7269\u8cea\u4f86\u6539\u5584\u6c34\u7684\u53e3\u611f\uff0c\u4f7f\u5176\u66f4\u5065\u5eb7\u4e26\u9069\u5408\u98f2\u7528\u3002<\/li>\n<\/ul>\n<\/li>\n<\/ul>\n<p><strong>\u88fd\u9020\u904e\u7a0b<\/strong><\/p>\n<p>\u78b3\u9846\u7c92\u6ffe\u82af\u7531...\u88fd\u9020 <strong>Danool<\/strong> \u5728 <strong>\u53f0\u7063<\/strong> \u4f7f\u7528\u6700\u65b0\u7684\u5168\u7403\u88fd\u9020\u6280\u8853\uff0c\u539f\u6750\u6599\u7d93\u904e\u7cbe\u5fc3\u6311\u9078\uff0c\u78ba\u4fdd\u6ffe\u82af\u5177\u6709\u6700\u9ad8\u7684\u6548\u7387\u548c\u6548\u679c\u3002\u88fd\u9020\u65bc <strong>\u53f0\u7063<\/strong> \u9019\u78ba\u4fdd\u4e86\u8a72\u6ffe\u82af\u7b26\u5408\u570b\u969b\u6c34\u8655\u7406\u6a19\u6e96\uff0c\u4f7f\u5176\u9069\u7528\u65bc\u5168\u7403\u5bb6\u5ead\u4f7f\u7528\u3002<\/p>\n<p><strong>(Danool) \u7b2c\u4e8c\u968e\u6bb5\u6ffe\u82af\u7684\u91cd\u8981\u6027<br \/>\n<\/strong><\/p>\n<ol>\n<li><strong>\u6539\u5584\u6c34\u8cea<\/strong><br \/>\n\u78b3\u9846\u7c92\u6ffe\u82af\u53bb\u9664\u7b2c\u4e00\u968e\u6bb5\u5269\u9918\u7684\u6709\u5bb3\u5316\u5b78\u7269\u8cea\u548c\u96dc\u8cea\uff0c\u6709\u52a9\u65bc\u6539\u5584\u6c34\u8cea\uff0c\u4f7f\u6c34\u66f4\u52a0\u5b89\u5168\u4e14\u5065\u5eb7\uff0c\u9069\u5408\u98f2\u7528\u3002<\/li>\n<li><strong>\u63d0\u9ad8\u6ffe\u6c34\u5668\u7684\u6548\u7387<\/strong><br \/>\n\u9019\u6b3e\u6ffe\u82af\u901a\u904e\u53bb\u9664\u5176\u4ed6\u904e\u6ffe\u968e\u6bb5\u5f8c\u5269\u9918\u7684\u7d30\u5fae\u6c61\u67d3\u7269\u4f86\u6539\u5584\u6574\u9ad4\u7cfb\u7d71\u7684\u6027\u80fd\u3002\u9019\u6a23\u53ef\u4ee5\u6e1b\u5c11\u5c0d\u5f8c\u7e8c\u968e\u6bb5\u7684\u8ca0\u64d4\uff0c\u4e26\u4fdd\u8b77\u5b83\u5011\u514d\u53d7\u5835\u585e\u6216\u904e\u65e9\u640d\u58de\u3002<\/li>\n<li><strong>\u964d\u4f4e\u6210\u672c\uff1a<\/strong><br \/>\n\u7531\u65bc\u5176\u5728\u53bb\u9664\u6709\u5bb3\u7269\u8cea\u65b9\u9762\u7684\u9ad8\u6548\u6027\uff0c\u4f7f\u7528\u78b3\u9846\u7c92\u6ffe\u82af\u6709\u52a9\u65bc\u6e1b\u5c11\u5c0d\u6ffe\u82af\u7684\u983b\u7e41\u7dad\u8b77\u9700\u6c42\uff0c\u5f9e\u800c\u964d\u4f4e\u9577\u671f\u6210\u672c\u3002<\/li>\n<\/ol>\n<p><strong>\u7522\u5730\uff1a\u53f0\u7063\u88fd\u9020<\/strong><\/p>\n<p>\u78b3\u9846\u7c92\u6ffe\u82af\u7531...\u88fd\u6210 <strong>Danool<\/strong> \u5728 <strong>\u53f0\u7063<\/strong>\u9019\u78ba\u4fdd\u4e86\u4f7f\u7528\u5148\u9032\u7684\u88fd\u9020\u6280\u8853\uff0c\u540c\u6642\u4fdd\u6301\u6700\u9ad8\u7684\u8cea\u91cf\u6a19\u6e96\u3002\u6b64\u5916\uff0c\u88fd\u9020\u65bc <strong>\u53f0\u7063<\/strong> \u9019\u78ba\u4fdd\u4e86\u6ffe\u82af\u7b26\u5408\u7528\u65bc\u6c34\u8655\u7406\u7684\u7522\u54c1\u7684\u5168\u7403\u6a19\u6e96\u3002<\/p>\n<ul>\n<li><strong>\u4f86\u81ea\u53f0\u7063\u7684\u6ffe\u82af\u512a\u52e2<\/strong>:\n<ul>\n<li><strong>\u9ad8\u54c1\u8cea<\/strong>: \u6ffe\u82af\u7d93\u904e\u56b4\u683c\u6e2c\u8a66\uff0c\u4ee5\u78ba\u4fdd\u5176\u6709\u6548\u6027\u548c\u6548\u7387\u3002<\/li>\n<li><strong>\u7cbe\u5fc3\u6311\u9078\u7684\u539f\u6750\u6599<\/strong>: \u4f7f\u7528\u7684\u539f\u6750\u6599\u78ba\u4fdd\u5353\u8d8a\u7684\u6027\u80fd\u548c\u9ad8\u54c1\u8cea\u3002<\/li>\n<li><strong>\u5408\u7406\u7684\u50f9\u683c<\/strong>: \u5118\u7ba1\u662f\u5728\u53f0\u7063\u88fd\u9020\uff0c\u9019\u6b3e\u6ffe\u82af\u4ecd\u7136\u63d0\u4f9b\u826f\u597d\u7684\u6027\u50f9\u6bd4\u3002<\/li>\n<\/ul>\n<\/li>\n<\/ul>\n<p><strong>Danool'un karbon gran\u00fcll\u00fc filtrenin avantajlar\u0131<\/strong><\/p>\n<ol>\n<li><strong>\u9ad8\u54c1\u8cea<\/strong><br \/>\n\u8a72\u6ffe\u82af\u5728\u6240\u6709\u88fd\u9020\u968e\u6bb5\u90fd\u7d93\u904e\u6e2c\u8a66\uff0c\u4ee5\u78ba\u4fdd\u5176\u9ad8\u6548\u904b\u884c\u4e26\u7b26\u5408\u5168\u7403\u8cea\u91cf\u6a19\u6e96\u3002<\/li>\n<li><strong>\u7d93\u6fdf\u6210\u672c<\/strong><br \/>\n\u4e39\u6b50\u7684\u78b3\u9846\u7c92\u6ffe\u82af\u76f8\u8f03\u65bc\u5176\u4ed6\u9032\u53e3\u7522\u54c1\u63d0\u4f9b\u5177\u7af6\u722d\u529b\u7684\u50f9\u683c\uff0c\u4f7f\u5176\u6210\u70ba\u7576\u5730\u5e02\u5834\u7684\u7406\u60f3\u9078\u64c7\u3002<\/li>\n<li><strong>\u6613\u65bc\u7372\u5f97\u548c\u672c\u5730\u652f\u6301<\/strong><br \/>\n\u9019\u6b3e\u6ffe\u82af\u5728\u5e02\u5834\u4e0a\u5f88\u5bb9\u6613\u627e\u5230\uff0c\u4e26\u4e14\u63d0\u4f9b\u6301\u7e8c\u7684\u6280\u8853\u652f\u6301\u548c\u5099\u4ef6\u3002<\/li>\n<li><strong>\u74b0\u4fdd\u3002<\/strong><br \/>\n\u6d3b\u6027\u70ad\u53ef\u56de\u6536\uff0c\u9019\u6709\u52a9\u65bc\u6e1b\u5c11\u74b0\u5883\u5f71\u97ff\u4e26\u7dad\u8b77\u74b0\u5883\u7684\u53ef\u6301\u7e8c\u6027\u3002<\/li>\n<\/ol>\n<p><strong>\u5982\u4f55\u4f7f\u7528<\/strong><\/p>\n<ul>\n<li><strong>\u66f4\u63db\u6ffe\u82af<\/strong>: \u5efa\u8b70\u6839\u64da\u6c34\u8cea\u6c61\u67d3\u7a0b\u5ea6\u548c\u6ffe\u6c34\u6548\u7387\uff0c\u6bcf6\u81f312\u500b\u6708\u66f4\u63db\u4e00\u6b21\u7b2c\u4e8c\u968e\u6bb5\u6ffe\u82af\u3002<\/li>\n<li><strong>\u6b63\u78ba\u5b89\u88dd<\/strong>\u6839\u64da\u6c34\u8cea\u6c61\u67d3\u7a0b\u5ea6\u548c\u6ffe\u6c34\u5668\u6548\u80fd\uff0c\u6bcf6\u81f312\u500b\u6708\u66f4\u63db\u4e00\u6b21\u7b2c\u4e09\u968e\u6bb5\u6ffe\u82af\u3002<\/li>\n<li><strong>\u5b9a\u671f\u7dad\u8b77<\/strong>: \u5b9a\u671f\u7dad\u8b77\u6ffe\u82af\uff0c\u4ee5\u78ba\u4fdd\u6ffe\u82af\u7684\u6301\u7e8c\u6709\u6548\u6027\u3002<\/li>\n<\/ul>\n<p><strong>\u7e3d\u7d50<\/strong><\/p>\n<p>\u78b3\u9846\u7c92\u6ffe\u82af\u4f86\u81ea <strong>Danool<\/strong>\uff0c\u88fd\u9020\u65bc <strong>\u53f0\u7063<\/strong>\u5b83\u662f\u6539\u5584\u5bb6\u5ead\u6c34\u8cea\u7684\u7406\u60f3\u9078\u64c7\u3002\u5b83\u7684\u7279\u9ede\u662f\u80fd\u5920\u53bb\u9664\u5316\u5b78\u548c\u6709\u6a5f\u6c61\u67d3\u7269\uff0c\u6539\u5584\u53e3\u611f\u548c\u6c23\u5473\uff0c\u4e26\u78ba\u4fdd\u6c34\u8cea\u7d14\u6de8\u5b89\u5168\u3002\u6191\u85c9\u5176\u9ad8\u54c1\u8cea\u548c\u5be6\u60e0\u7684\u50f9\u683c\uff0c\u9019\u6b3e\u6ffe\u82af\u662f\u8a31\u591a\u95dc\u5fc3\u6c34\u8cea\u5065\u5eb7\u5bb6\u5ead\u7684\u7406\u60f3\u9078\u64c7\u3002<\/p>\n<\/div>\n<\/div>\n<\/div>\n<\/div>\n<div class=\"mb-2 flex gap-3 empty:hidden -ml-2\">\n<div class=\"items-center justify-start rounded-xl p-1 flex\">\n<div class=\"flex items-center\"><\/div>\n<\/div>\n<\/div>","protected":false},"excerpt":{"rendered":"<p>\u7b2c\u4e8c\u968e\u6bb5\u7684\u6ffe\u6c34\u5668\u6ffe\u82af\uff0c\u7531...\u7684\u78b3\u9846\u7c92\u88fd\u6210 <strong>Danool<\/strong> \u5728<strong> \u7b2c\u4e8c\u968e\u6bb5\u7684\u6ffe\u6c34\u5668\u6ffe\u82af\uff0c\u7531\u53f0\u7063\u7684\u78b3\u9846\u7c92\u88fd\u6210<\/strong> \u5b83\u901a\u904e\u53bb\u9664\u5316\u5b78\u548c\u6709\u6a5f\u6c61\u67d3\u7269\uff0c\u6539\u5584\u6c34\u7684\u53e3\u611f\u548c\u6c23\u5473\u3002\u7531\u65bc\u5176\u5353\u8d8a\u7684\u80fd\u529b\u5438\u6536\u6709\u6bd2\u7269\u8cea\u548c\u96dc\u8cea\uff0c\u5b83\u63d0\u4f9b\u7d14\u6de8\u4e14\u5b89\u5168\u7684\u98f2\u7528\u6c34\u3002\u5176\u9ad8\u54c1\u8cea\u548c\u7d93\u6fdf\u5be6\u60e0\u7684\u50f9\u683c\uff0c\u4f7f\u5176\u6210\u70ba\u8a31\u591a\u7528\u6236\u7684\u7406\u60f3\u9078\u64c7\u3002<\/p>","protected":false},"featured_media":1057,"comment_status":"open","ping_status":"closed","template":"","meta":{"_acf_changed":false,"site-sidebar-layout":"default","site-content-layout":"","ast-site-content-layout":"default","site-content-style":"default","site-sidebar-style":"default","ast-global-header-display":"","ast-banner-title-visibility":"","ast-main-header-display":"","ast-hfb-above-header-display":"","ast-hfb-below-header-display":"","ast-hfb-mobile-header-display":"","site-post-title":"","ast-breadcrumbs-content":"","ast-featured-img":"","footer-sml-layout":"","theme-transparent-header-meta":"default","adv-header-id-meta":"","stick-header-meta":"default","header-above-stick-meta":"","header-main-stick-meta":"","header-below-stick-meta":"","astra-migrate-meta-layouts":"set","ast-page-background-enabled":"default","ast-page-background-meta":{"desktop":{"background-color":"var(--ast-global-color-4)","background-image":"","background-repeat":"repeat","background-position":"center center","background-size":"auto","background-attachment":"scroll","background-type":"","background-media":"","overlay-type":"","overlay-color":"","overlay-opacity":"","overlay-gradient":""},"tablet":{"background-color":"","background-image":"","background-repeat":"repeat","background-position":"center center","background-size":"auto","background-attachment":"scroll","background-type":"","background-media":"","overlay-type":"","overlay-color":"","overlay-opacity":"","overlay-gradient":""},"mobile":{"background-color":"","background-image":"","background-repeat":"repeat","background-position":"center center","background-size":"auto","background-attachment":"scroll","background-type":"","background-media":"","overlay-type":"","overlay-color":"","overlay-opacity":"","overlay-gradient":""}},"ast-content-background-meta":{"desktop":{"background-color":"var(--ast-global-color-5)","background-image":"","background-repeat":"repeat","background-position":"center center","background-size":"auto","background-attachment":"scroll","background-type":"","background-media":"","overlay-type":"","overlay-color":"","overlay-opacity":"","overlay-gradient":""},"tablet":{"background-color":"var(--ast-global-color-5)","background-image":"","background-repeat":"repeat","background-position":"center center","background-size":"auto","background-attachment":"scroll","background-type":"","background-media":"","overlay-type":"","overlay-color":"","overlay-opacity":"","overlay-gradient":""},"mobile":{"background-color":"var(--ast-global-color-5)","background-image":"","background-repeat":"repeat","background-position":"center center","background-size":"auto","background-attachment":"scroll","background-type":"","background-media":"","overlay-type":"","overlay-color":"","overlay-opacity":"","overlay-gradient":""}}},"product_brand":[],"product_cat":[300],"product_tag":[328,329,327,335,336],"class_list":{"0":"post-1063","1":"product","2":"type-product","3":"status-publish","4":"has-post-thumbnail","6":"product_cat-spare-parts","7":"product_tag-328","8":"product_tag-329","9":"product_tag-327","10":"product_tag-335","11":"product_tag-336","12":"desktop-align-center","13":"tablet-align-center","14":"mobile-align-center","15":"ast-product-gallery-layout-horizontal-slider","16":"ast-product-tabs-layout-horizontal","18":"first","19":"outofstock","20":"sale","21":"taxable","22":"shipping-taxable","23":"purchasable","24":"product-type-simple"},"acf":[],"jetpack_sharing_enabled":true,"_links":{"self":[{"href":"https:\/\/danool.com\/zh\/wp-json\/wp\/v2\/product\/1063","targetHints":{"allow":["GET"]}}],"collection":[{"href":"https:\/\/danool.com\/zh\/wp-json\/wp\/v2\/product"}],"about":[{"href":"https:\/\/danool.com\/zh\/wp-json\/wp\/v2\/types\/product"}],"replies":[{"embeddable":true,"href":"https:\/\/danool.com\/zh\/wp-json\/wp\/v2\/comments?post=1063"}],"wp:featuredmedia":[{"embeddable":true,"href":"https:\/\/danool.com\/zh\/wp-json\/wp\/v2\/media\/1057"}],"wp:attachment":[{"href":"https:\/\/danool.com\/zh\/wp-json\/wp\/v2\/media?parent=1063"}],"wp:term":[{"taxonomy":"product_brand","embeddable":true,"href":"https:\/\/danool.com\/zh\/wp-json\/wp\/v2\/product_brand?post=1063"},{"taxonomy":"product_cat","embeddable":true,"href":"https:\/\/danool.com\/zh\/wp-json\/wp\/v2\/product_cat?post=1063"},{"taxonomy":"product_tag","embeddable":true,"href":"https:\/\/danool.com\/zh\/wp-json\/wp\/v2\/product_tag?post=1063"}],"curies":[{"name":"wp","href":"https:\/\/api.w.org\/{rel}","templated":true}]}}